{"id":9125,"date":"2019-05-23T15:06:34","date_gmt":"2019-05-23T18:06:34","guid":{"rendered":"http:\/\/c1521065.ferozo.com\/?page_id=9125"},"modified":"2022-03-25T11:44:53","modified_gmt":"2022-03-25T14:44:53","slug":"preguntas-frecuentes","status":"publish","type":"page","link":"https:\/\/www.bagsa.com.ar\/public_html\/preguntas-frecuentes\/","title":{"rendered":"Preguntas Frecuentes"},"content":{"rendered":"<p>[vc_row full_width=&#8221;stretch_row&#8221; css=&#8221;.vc_custom_1569511982794{padding-top: 40px !important;padding-bottom: 30px !important;background-color: #cccccc !important;}&#8221;][vc_column width=&#8221;1\/2&#8243;][vc_custom_heading text=&#8221;PREGUNTAS FRECUENTES&#8221; font_container=&#8221;tag:h2|text_align:left|color:%23005e98&#8243; google_fonts=&#8221;font_family:Roboto%20Slab%3A100%2C300%2Cregular%2C700|font_style:400%20regular%3A400%3Anormal&#8221; css=&#8221;.vc_custom_1569511991383{margin-top: 30px !important;}&#8221;][vc_single_image image=&#8221;8714&#8243; img_size=&#8221;medium&#8221;][\/vc_column][vc_column width=&#8221;1\/2&#8243;][vc_single_image image=&#8221;10239&#8243; img_size=&#8221;medium&#8221; alignment=&#8221;center&#8221;][\/vc_column][\/vc_row][vc_row full_width=&#8221;stretch_row&#8221; gap=&#8221;20&#8243; css_animation=&#8221;none&#8221; css=&#8221;.vc_custom_1520490387579{margin-top: 0px !important;margin-right: -25px !important;margin-bottom: 0px !important;margin-left: -25px !important;padding-top: 53px !important;padding-bottom: 65px !important;background-color: #ffffff !important;}&#8221;][vc_column css_animation=&#8221;none&#8221; css=&#8221;.vc_custom_1520490166476{margin-left: 0px !important;padding-top: 0px !important;padding-bottom: 0px !important;}&#8221;][vc_row_inner css=&#8221;.vc_custom_1520489060407{margin-top: 0px !important;margin-right: 0px !important;margin-bottom: 45px !important;margin-left: 0px !important;padding-top: 45px !important;padding-right: 45px !important;padding-bottom: 45px !important;padding-left: 45px !important;background-color: #f4f5f6 !important;}&#8221;][vc_column_inner css=&#8221;.vc_custom_1569513944222{margin-top: 0px !important;margin-bottom: 0px !important;padding-top: 15px !important;padding-bottom: 15px !important;padding-left: 15px !important;background-position: 0 0 !important;background-repeat: no-repeat !important;}&#8221;]<div class=\"rt-accordion element-five  \"  ><div class=\"rt-accordion-item\"><div class=\"rt-accordion-item-title\"><div class=\"rt-accordion-item-title-icon\"><div class=\"symbol\"><\/div><\/div><h4 class=\"panel-title\">\u00bfPuedo descargar una copia de mi factura?<\/h4><\/div><div class=\"rt-accordion-item-body\">Pod\u00e9s solicitar la copia de tu factura ingresando <a href=\"\/public_html\/hogar-comercios-industrias#facturas\">al siguiente link<\/a>.<br \/>\nRecord\u00e1 que para acceder a la copia de tu factura necesit\u00e1s el N\u00famero de Cliente que consta de 12 d\u00edgitos y <a href=\"\/public_html\/wp-content\/uploads\/2019\/09\/bagsa_demo_factura.pdf\" target=\"_blank\" rel=\"noopener noreferrer\">se encuentra en la factura.<\/a><\/div><\/div><div class=\"rt-accordion-item\"><div class=\"rt-accordion-item-title\"><div class=\"rt-accordion-item-title-icon\"><div class=\"symbol\"><\/div><\/div><h4 class=\"panel-title\">\u00bfEn d\u00f3nde y c\u00f3mo puedo pagar mi factura?<\/h4><\/div><div class=\"rt-accordion-item-body\">Podes pagar tu factura en los siguientes medios:<br \/>\nRapipago<br \/>\nPago F\u00e1cil<br \/>\nProvincia Net<br \/>\nLink<br \/>\nPago mis cuentas<br \/>\nRIPSA<br \/>\nPronto Pago<br \/>\nVISA<br \/>\nVilla Gesell (s\u00f3lo tarjeta)<br \/>\nPago telef\u00f3nico (0800-122-5888 \u00f3\u00a0011-52836704)<\/div><\/div><div class=\"rt-accordion-item\"><div class=\"rt-accordion-item-title\"><div class=\"rt-accordion-item-title-icon\"><div class=\"symbol\"><\/div><\/div><h4 class=\"panel-title\">\u00bfSe puede abonar la factura con tarjeta de cr\u00e9dito por tel\u00e9fono?<\/h4><\/div><div class=\"rt-accordion-item-body\">Pod\u00e9s pagar tu factura de gas en plazo sin moverte de tu casa, de lunes a viernes de 09:00 a 18:00 hs. o los s\u00e1bados de 09:00 a 13:00 hs. con tarjetas AMERICAN EXPRESS, MASTERCARD o VISA (cr\u00e9dito y d\u00e9bito) a trav\u00e9s de nuestro Call Center llamando al 0800-122-5888 o 011-52836704.<\/div><\/div><div class=\"rt-accordion-item\"><div class=\"rt-accordion-item-title\"><div class=\"rt-accordion-item-title-icon\"><div class=\"symbol\"><\/div><\/div><h4 class=\"panel-title\">\u00bfC\u00f3mo hago para pagar mi factura si se venci\u00f3?<\/h4><\/div><div class=\"rt-accordion-item-body\">A trav\u00e9s de este p\u00e1gina pod\u00e9s descargar un cup\u00f3n de pago, con la fecha actualizada <a href=\"\/public_html\/hogar-comercios-industrias#facturas\">siguiendo este link<\/a>.<\/div><\/div><div class=\"rt-accordion-item\"><div class=\"rt-accordion-item-title\"><div class=\"rt-accordion-item-title-icon\"><div class=\"symbol\"><\/div><\/div><h4 class=\"panel-title\">\u00bfCuales son las tarifas vigentes?<\/h4><\/div><div class=\"rt-accordion-item-body\">Las tarifas actuales las pod\u00e9s observar haciendo click en el <a href=\"\/public_html\/tarifas#cuadros-tarifarios\/\">siguiente link<\/a>.<\/div><\/div><div class=\"rt-accordion-item\"><div class=\"rt-accordion-item-title\"><div class=\"rt-accordion-item-title-icon\"><div class=\"symbol\"><\/div><\/div><h4 class=\"panel-title\">\u00bfC\u00f3mo realizo el alta de servicio?<\/h4><\/div><div class=\"rt-accordion-item-body\">Pod\u00e9s realizar el alta del servicio en <a href=\"\/public_html\/donde-estamos\/\">nuestras\u00a0oficinas comerciales<\/a><br \/>\nPodes conocer la documentaci\u00f3n a presentar <a href=\"\/public_html\/tramites\/\">siguiendo el enlace.<\/a><\/div><\/div><div class=\"rt-accordion-item\"><div class=\"rt-accordion-item-title\"><div class=\"rt-accordion-item-title-icon\"><div class=\"symbol\"><\/div><\/div><h4 class=\"panel-title\">\u00bfC\u00f3mo realizo la baja del servicio?<\/h4><\/div><div class=\"rt-accordion-item-body\">Pod\u00e9s realizar la baja del servicio en nuestras oficinas comerciales.<br \/>\nPara conocer la documentaci\u00f3n a presentar\u00a0<a href=\"\/public_html\/tramites#baja-del-servicio\">hace\u00a0click aqu\u00ed.<\/a><\/div><\/div><div class=\"rt-accordion-item\"><div class=\"rt-accordion-item-title\"><div class=\"rt-accordion-item-title-icon\"><div class=\"symbol\"><\/div><\/div><h4 class=\"panel-title\">\u00bfC\u00f3mo realizo el cambio de titularidad?<\/h4><\/div><div class=\"rt-accordion-item-body\">Pod\u00e9s realizar el cambio de en nuestras oficinas comerciales.<br \/>\nPara conocer la documentaci\u00f3n a presentar\u00a0<a href=\"\/public_html\/tramites#cambio-de-titularidad\">hace\u00a0click\u00a0aqu\u00ed.<\/a><\/div><\/div><div class=\"rt-accordion-item\"><div class=\"rt-accordion-item-title\"><div class=\"rt-accordion-item-title-icon\"><div class=\"symbol\"><\/div><\/div><h4 class=\"panel-title\">\u00bfC\u00f3mo me adhiero al d\u00e9bito autom\u00e1tico?<\/h4><\/div><div class=\"rt-accordion-item-body\">Lo pod\u00e9s hacer completando los pasos que <a href=\"\/public_html\/medios-de-pago#debito-automatico\">se detallan aqu\u00ed.<\/a><\/div><\/div><div class=\"rt-accordion-item\"><div class=\"rt-accordion-item-title\"><div class=\"rt-accordion-item-title-icon\"><div class=\"symbol\"><\/div><\/div><h4 class=\"panel-title\">\u00bfC\u00f3mo hago para recibir mi factura electr\u00f3nica?<\/h4><\/div><div class=\"rt-accordion-item-body\">Si queres recibir la factura en tu email <a href=\"\/public_html\/hogar-comercios-industrias#factura-electronica\">hace click aqu\u00ed.<\/a><\/div><\/div><div class=\"rt-accordion-item\"><div class=\"rt-accordion-item-title\"><div class=\"rt-accordion-item-title-icon\"><div class=\"symbol\"><\/div><\/div><h4 class=\"panel-title\">\u00bfD\u00f3nde est\u00e1n las oficinas comerciales de BAGSA?<\/h4><\/div><div class=\"rt-accordion-item-body\">Podes encontrar nuestras oficinas en las <a href=\"\/public_html\/donde-estamos\/\">siguientes localidades.<\/a><\/div><\/div><\/div>[\/vc_column_inner][\/vc_row_inner][\/vc_column][\/vc_row]<\/p>\n","protected":false},"excerpt":{"rendered":"<p>[vc_row full_width=&#8221;stretch_row&#8221; css=&#8221;.vc_custom_1569511982794{padding-top: 40px !important;padding-bottom: 30px !important;background-color: #cccccc !important;}&#8221;][vc_column width=&#8221;1\/2&#8243;][vc_custom_heading text=&#8221;PREGUNTAS FRECUENTES&#8221; font_container=&#8221;tag:h2|text_align:left|color:%23005e98&#8243; google_fonts=&#8221;font_family:Roboto%20Slab%3A100%2C300%2Cregular%2C700|font_style:400%20regular%3A400%3Anormal&#8221; css=&#8221;.vc_custom_1569511991383{margin-top: 30px !important;}&#8221;][vc_single_image image=&#8221;8714&#8243; img_size=&#8221;medium&#8221;][\/vc_column][vc_column width=&#8221;1\/2&#8243;][vc_single_image image=&#8221;10239&#8243; img_size=&#8221;medium&#8221; alignment=&#8221;center&#8221;][\/vc_column][\/vc_row][vc_row full_width=&#8221;stretch_row&#8221; gap=&#8221;20&#8243; css_animation=&#8221;none&#8221; css=&#8221;.vc_custom_1520490387579{margin-top: 0px !important;margin-right: -25px !important;margin-bottom: 0px !important;margin-left: -25px !important;padding-top: 53px !important;padding-bottom: 65px !important;background-color: #ffffff !important;}&#8221;][vc_column css_animation=&#8221;none&#8221; css=&#8221;.vc_custom_1520490166476{margin-left: 0px !important;padding-top: 0px !important;padding-bottom: 0px !important;}&#8221;][vc_row_inner css=&#8221;.vc_custom_1520489060407{margin-top: 0px !important;margin-right: 0px !important;margin-bottom: 45px [&hellip;]<\/p>\n","protected":false},"author":1,"featured_media":0,"parent":0,"menu_order":0,"comment_status":"closed","ping_status":"closed","template":"","meta":{"footnotes":""},"_links":{"self":[{"href":"https:\/\/www.bagsa.com.ar\/public_html\/wp-json\/wp\/v2\/pages\/9125"}],"collection":[{"href":"https:\/\/www.bagsa.com.ar\/public_html\/wp-json\/wp\/v2\/pages"}],"about":[{"href":"https:\/\/www.bagsa.com.ar\/public_html\/wp-json\/wp\/v2\/types\/page"}],"author":[{"embeddable":true,"href":"https:\/\/www.bagsa.com.ar\/public_html\/wp-json\/wp\/v2\/users\/1"}],"replies":[{"embeddable":true,"href":"https:\/\/www.bagsa.com.ar\/public_html\/wp-json\/wp\/v2\/comments?post=9125"}],"version-history":[{"count":23,"href":"https:\/\/www.bagsa.com.ar\/public_html\/wp-json\/wp\/v2\/pages\/9125\/revisions"}],"predecessor-version":[{"id":10704,"href":"https:\/\/www.bagsa.com.ar\/public_html\/wp-json\/wp\/v2\/pages\/9125\/revisions\/10704"}],"wp:attachment":[{"href":"https:\/\/www.bagsa.com.ar\/public_html\/wp-json\/wp\/v2\/media?parent=9125"}],"curies":[{"name":"wp","href":"https:\/\/api.w.org\/{rel}","templated":true}]}}