{"id":8949,"date":"2019-05-14T11:56:57","date_gmt":"2019-05-14T14:56:57","guid":{"rendered":"http:\/\/c1521065.ferozo.com\/?page_id=8949"},"modified":"2019-09-27T07:33:36","modified_gmt":"2019-09-27T10:33:36","slug":"gas-por-red","status":"publish","type":"page","link":"https:\/\/www.bagsa.com.ar\/public_html\/seguridad\/gas-por-red\/","title":{"rendered":"Gas por red"},"content":{"rendered":"<p>[vc_row full_width=&#8221;stretch_row&#8221; css=&#8221;.vc_custom_1569516125511{padding-top: 30px !important;padding-bottom: 30px !important;background-color: rgba(138,209,244,0.6) !important;*background-color: rgb(138,209,244) !important;}&#8221;][vc_column width=&#8221;2\/3&#8243;][vc_custom_heading text=&#8221;GAS POR RED&#8221; font_container=&#8221;tag:h2|text_align:left|color:%236f6f6e&#8221; google_fonts=&#8221;font_family:Roboto%20Slab%3A100%2C300%2Cregular%2C700|font_style:700%20bold%20regular%3A700%3Anormal&#8221; css=&#8221;.vc_custom_1569516132481{padding-top: 50px !important;}&#8221;][vc_single_image image=&#8221;8954&#8243; img_size=&#8221;medium&#8221;][vc_column_text]<\/p>\n<h4 style=\"color: #6f6f6e; font-weight: 400; font-size: 20px; line-height: 30px;\">El Gas es una de las principales fuentes de energ\u00eda.<br \/>\nEl gas es un combustible f\u00f3sil formado por un proceso de descomposici\u00f3n de la materia org\u00e1nica. Es utilizada en todo el planeta, tanto para uso dom\u00e9stico como para uso comercial e industrial.<\/h4>\n<p>[\/vc_column_text][\/vc_column][vc_column width=&#8221;1\/3&#8243;][vc_single_image image=&#8221;8956&#8243; img_size=&#8221;medium&#8221; alignment=&#8221;center&#8221;][\/vc_column][\/vc_row][vc_row full_width=&#8221;stretch_row&#8221; content_placement=&#8221;middle&#8221; css=&#8221;.vc_custom_1569516214715{padding-top: 50px !important;padding-bottom: 50px !important;background-color: #e6f0f1 !important;}&#8221;][vc_column][vc_custom_heading text=&#8221;VENTAJAS DEL SERVICIO DE&#8221; font_container=&#8221;tag:h2|text_align:center|color:%23005d98&#8243; google_fonts=&#8221;font_family:Roboto%20Slab%3A100%2C300%2Cregular%2C700|font_style:400%20regular%3A400%3Anormal&#8221; css=&#8221;.vc_custom_1569561388395{padding-top: 20px !important;padding-bottom: 10px !important;}&#8221;][vc_custom_heading text=&#8221;GAS POR RED&#8221; font_container=&#8221;tag:h2|text_align:center|color:%23005d98&#8243; google_fonts=&#8221;font_family:Roboto%20Slab%3A100%2C300%2Cregular%2C700|font_style:700%20bold%20regular%3A700%3Anormal&#8221; css=&#8221;.vc_custom_1569561395408{padding-top: 0px !important;padding-bottom: 40px !important;}&#8221;][vc_row_inner css=&#8221;.vc_custom_1569516921094{padding-top: 20px !important;padding-bottom: 30px !important;}&#8221;][vc_column_inner width=&#8221;1\/3&#8243;][vc_single_image image=&#8221;9989&#8243; alignment=&#8221;center&#8221;][vc_column_text]<\/p>\n<h5 style=\"text-align: center; font-size: 22px; line-height: 32px; color: #505050;\">Suministro continuo<br \/>\ny sin interrupciones<\/h5>\n<p>[\/vc_column_text][\/vc_column_inner][vc_column_inner width=&#8221;1\/3&#8243;][vc_single_image image=&#8221;9988&#8243; alignment=&#8221;center&#8221;][vc_column_text]<\/p>\n<h5 style=\"text-align: center; font-size: 22px; line-height: 32px; color: #505050;\">Seguro a la hora<br \/>\nde utilizarlo<\/h5>\n<p>[\/vc_column_text][\/vc_column_inner][vc_column_inner width=&#8221;1\/3&#8243;][vc_single_image image=&#8221;9987&#8243; alignment=&#8221;center&#8221;][vc_column_text]<\/p>\n<h5 style=\"text-align: center; font-size: 22px; line-height: 32px; color: #505050;\">Mayor control<br \/>\ndel gas utilizado<\/h5>\n<p>[\/vc_column_text][\/vc_column_inner][\/vc_row_inner][vc_row_inner css=&#8221;.vc_custom_1569516921094{padding-top: 20px !important;padding-bottom: 30px !important;}&#8221;][vc_column_inner width=&#8221;1\/3&#8243;][vc_single_image image=&#8221;9986&#8243; alignment=&#8221;center&#8221;][vc_column_text]<\/p>\n<h5 style=\"text-align: center; font-size: 22px; line-height: 32px; color: #505050;\">Menores emisiones<br \/>\nde CO2 a la atm\u00f3sfera<\/h5>\n<p>[\/vc_column_text][\/vc_column_inner][vc_column_inner width=&#8221;1\/3&#8243;][vc_single_image image=&#8221;9985&#8243; alignment=&#8221;center&#8221;][vc_column_text]<\/p>\n<h5 style=\"text-align: center; font-size: 22px; line-height: 32px; color: #505050;\">Pag\u00e1s despu\u00e9s<br \/>\nde consumir<\/h5>\n<p>[\/vc_column_text][\/vc_column_inner][vc_column_inner width=&#8221;1\/3&#8243;][vc_single_image image=&#8221;9984&#8243; alignment=&#8221;center&#8221;][vc_column_text]<\/p>\n<h5 style=\"text-align: center; font-size: 22px; line-height: 32px; color: #505050;\">Gran potencia<br \/>\nde suministro<\/h5>\n<p>[\/vc_column_text][\/vc_column_inner][\/vc_row_inner][\/vc_column][\/vc_row][vc_row full_width=&#8221;stretch_row&#8221; content_placement=&#8221;middle&#8221; css=&#8221;.vc_custom_1557844155611{padding-top: 50px !important;padding-bottom: 50px !important;background-color: #ffffff !important;}&#8221;][vc_column width=&#8221;1\/2&#8243;][vc_custom_heading text=&#8221;\u00bfQU\u00c9 ES&#8221; font_container=&#8221;tag:h2|text_align:left|color:%23005d98&#8243; google_fonts=&#8221;font_family:Roboto%20Slab%3A100%2C300%2Cregular%2C700|font_style:400%20regular%3A400%3Anormal&#8221; css=&#8221;.vc_custom_1569580017971{padding-top: 20px !important;padding-bottom: 0px !important;}&#8221;][vc_custom_heading text=&#8221;EL GAS NATURAL?&#8221; font_container=&#8221;tag:h2|text_align:left|color:%23005d98&#8243; google_fonts=&#8221;font_family:Roboto%20Slab%3A100%2C300%2Cregular%2C700|font_style:700%20bold%20regular%3A700%3Anormal&#8221; css=&#8221;.vc_custom_1569580024775{padding-top: 10px !important;padding-bottom: 20px !important;}&#8221;][vc_single_image image=&#8221;8714&#8243; img_size=&#8221;medium&#8221;][vc_column_text]<\/p>\n<p style=\"line-height: 30px; font-size: 18px; text-align: justify;\">Es una fuente de energ\u00eda f\u00f3sil en cuya composici\u00f3n qu\u00edmica predomina el metano (CH4). Es incoloro, ins\u00edpido, inodoro, a presi\u00f3n atmosf\u00e9rica y temperaturas ambiente su estado es gaseoso y es m\u00e1s liviano que el aire. Se lo extrae de yacimientos que suelen estar a gran profundidad y se lo transporta y distribuye a los usuarios mediante ca\u00f1er\u00edas instaladas para tal fin.<\/p>\n<p>[\/vc_column_text][\/vc_column][vc_column width=&#8221;1\/2&#8243;][vc_single_image image=&#8221;8958&#8243; img_size=&#8221;medium&#8221; alignment=&#8221;center&#8221;][\/vc_column][\/vc_row][vc_row full_width=&#8221;stretch_row&#8221; content_placement=&#8221;middle&#8221; css=&#8221;.vc_custom_1557861011130{padding-top: 40px !important;padding-bottom: 0px !important;background-color: #f2f2f2 !important;}&#8221;][vc_column][vc_custom_heading text=&#8221;\u00bfPARA QU\u00c9 SE USA?&#8221; font_container=&#8221;tag:h2|text_align:center|color:%23005d98&#8243; google_fonts=&#8221;font_family:Roboto%20Slab%3A100%2C300%2Cregular%2C700|font_style:700%20bold%20regular%3A700%3Anormal&#8221; css=&#8221;.vc_custom_1569562182715{padding-top: 0px !important;padding-bottom: 20px !important;}&#8221;][\/vc_column][\/vc_row][vc_row full_width=&#8221;stretch_row&#8221; content_placement=&#8221;middle&#8221; css=&#8221;.vc_custom_1557861016161{padding-top: 0px !important;padding-bottom: 40px !important;background-color: #f2f2f2 !important;}&#8221;][vc_column width=&#8221;1\/2&#8243; css=&#8221;.vc_custom_1569517409554{padding-top: 20px !important;padding-right: 20px !important;padding-bottom: 20px !important;padding-left: 40px !important;}&#8221;][vc_single_image image=&#8221;8967&#8243; alignment=&#8221;center&#8221;][vc_column_text]<\/p>\n<p style=\"line-height: 34px; font-size: 18px; text-align: center;\">Se utiliza en domicilios particulares y en comercios. Para cocci\u00f3n de alimentos, calentamiento de agua y equipos de climatizaci\u00f3n.<\/p>\n<p>[\/vc_column_text][\/vc_column][vc_column width=&#8221;1\/2&#8243; css=&#8221;.vc_custom_1569517424555{padding-top: 20px !important;padding-right: 40px !important;padding-bottom: 20px !important;padding-left: 20px !important;}&#8221;][vc_single_image image=&#8221;8969&#8243; alignment=&#8221;center&#8221;][vc_column_text]<\/p>\n<p style=\"line-height: 34px; font-size: 18px; text-align: center;\">En la industria es utilizado para la generaci\u00f3n de electricidad, petroqu\u00edmica y transporte siendo tambi\u00e9n parte del proceso en industrias: alimentaria, agroindustria, vidrio, cer\u00e1mica, cemento, ladrillos, siderurgia, entre otras.<\/p>\n<p>[\/vc_column_text][\/vc_column][\/vc_row][vc_row full_width=&#8221;stretch_row&#8221; content_placement=&#8221;middle&#8221; css=&#8221;.vc_custom_1557844155611{padding-top: 50px !important;padding-bottom: 50px !important;background-color: #ffffff !important;}&#8221;][vc_column width=&#8221;1\/2&#8243;][vc_single_image image=&#8221;9034&#8243; img_size=&#8221;medium&#8221; alignment=&#8221;center&#8221;][\/vc_column][vc_column width=&#8221;1\/2&#8243;][vc_row_inner][vc_column_inner width=&#8221;1\/4&#8243;][\/vc_column_inner][vc_column_inner width=&#8221;3\/4&#8243;][vc_custom_heading text=&#8221;\u00bfQU\u00c9 ES&#8221; font_container=&#8221;tag:h2|text_align:center|color:%23005d98&#8243; google_fonts=&#8221;font_family:Roboto%20Slab%3A100%2C300%2Cregular%2C700|font_style:400%20regular%3A400%3Anormal&#8221; css=&#8221;.vc_custom_1569562053092{padding-top: 20px !important;padding-bottom: 0px !important;}&#8221;][vc_custom_heading text=&#8221;EL GLP?&#8221; font_container=&#8221;tag:h2|text_align:right|color:%23005d98&#8243; google_fonts=&#8221;font_family:Roboto%20Slab%3A100%2C300%2Cregular%2C700|font_style:700%20bold%20regular%3A700%3Anormal&#8221; css=&#8221;.vc_custom_1569562060457{padding-top: 10px !important;padding-bottom: 20px !important;}&#8221;][\/vc_column_inner][\/vc_row_inner][vc_single_image image=&#8221;8714&#8243; img_size=&#8221;medium&#8221; alignment=&#8221;right&#8221;][vc_column_text]<\/p>\n<p style=\"line-height: 30px; font-size: 18px; text-align: justify;\">Es una mezcla de hidrocarburos en la que predomina propano y butano. El GLP es incoloro y m\u00e1s pesado que el aire y adquiere estado l\u00edquido al ser sometidos a presi\u00f3n moderada (entre 5 y 10 Kg\/cm2) lo que facilita el transporte y el almacenaje. Al volver a pasar al estado gaseoso para su distribuci\u00f3n por ca\u00f1er\u00eda se expanden produciendo grandes vol\u00famenes de gas.<\/p>\n<p>[\/vc_column_text][\/vc_column][\/vc_row][vc_row full_width=&#8221;stretch_row&#8221; content_placement=&#8221;middle&#8221; css=&#8221;.vc_custom_1557861011130{padding-top: 40px !important;padding-bottom: 0px !important;background-color: #f2f2f2 !important;}&#8221;][vc_column][vc_custom_heading text=&#8221;\u00bfPARA QU\u00c9 SE USA?&#8221; font_container=&#8221;tag:h2|text_align:center|color:%23005d98&#8243; google_fonts=&#8221;font_family:Roboto%20Slab%3A100%2C300%2Cregular%2C700|font_style:700%20bold%20regular%3A700%3Anormal&#8221; css=&#8221;.vc_custom_1569562195720{padding-top: 0px !important;padding-bottom: 20px !important;}&#8221;][\/vc_column][\/vc_row][vc_row full_width=&#8221;stretch_row&#8221; content_placement=&#8221;middle&#8221; css=&#8221;.vc_custom_1569580361585{padding-top: 0px !important;padding-bottom: 0px !important;background-color: #f2f2f2 !important;}&#8221;][vc_column width=&#8221;1\/3&#8243;][vc_single_image image=&#8221;8967&#8243; alignment=&#8221;center&#8221;][vc_column_text]<\/p>\n<h5 style=\"line-height: 30px; font-size: 18px; text-align: center; color: #505050;\">En los hogares para cocci\u00f3n de alimentos, calentadores de agua y equipos de climatizaci\u00f3n.<\/h5>\n<p>[\/vc_column_text][\/vc_column][vc_column width=&#8221;1\/3&#8243;][vc_single_image image=&#8221;9036&#8243; alignment=&#8221;center&#8221;][vc_column_text]<\/p>\n<h5 style=\"line-height: 30px; font-size: 18px; text-align: center; color: #505050;\">En el transporte como combustible para veh\u00edculos y motores n\u00e1uticos.<\/h5>\n<p>[\/vc_column_text][\/vc_column][vc_column width=&#8221;1\/3&#8243;][vc_single_image image=&#8221;9037&#8243; alignment=&#8221;center&#8221;][vc_column_text]<\/p>\n<h5 style=\"line-height: 30px; font-size: 18px; text-align: center; color: #505050;\">En recreaci\u00f3n para cocinar y para alimentar globos de aire caliente.<\/h5>\n<p>[\/vc_column_text][\/vc_column][\/vc_row][vc_row full_width=&#8221;stretch_row&#8221; css=&#8221;.vc_custom_1569580353310{padding-bottom: 40px !important;background-color: #f2f2f2 !important;}&#8221;][vc_column width=&#8221;1\/4&#8243;][\/vc_column][vc_column width=&#8221;1\/2&#8243;][vc_single_image image=&#8221;8969&#8243; alignment=&#8221;center&#8221; css=&#8221;.vc_custom_1561656974815{padding-top: 40px !important;}&#8221;][vc_column_text]<\/p>\n<h5 style=\"line-height: 30px; font-size: 18px; text-align: center; color: #505050;\">En la industria para la fundici\u00f3n y soldadura, para generaci\u00f3n el\u00e9ctrica en zonas apartadas, como fuente de energ\u00eda en restaurant y hoteles.<\/h5>\n<p>[\/vc_column_text][\/vc_column][vc_column width=&#8221;1\/4&#8243;][\/vc_column][\/vc_row]<\/p>\n","protected":false},"excerpt":{"rendered":"<p>[vc_row full_width=&#8221;stretch_row&#8221; css=&#8221;.vc_custom_1569516125511{padding-top: 30px !important;padding-bottom: 30px !important;background-color: rgba(138,209,244,0.6) !important;*background-color: rgb(138,209,244) !important;}&#8221;][vc_column width=&#8221;2\/3&#8243;][vc_custom_heading text=&#8221;GAS POR RED&#8221; font_container=&#8221;tag:h2|text_align:left|color:%236f6f6e&#8221; google_fonts=&#8221;font_family:Roboto%20Slab%3A100%2C300%2Cregular%2C700|font_style:700%20bold%20regular%3A700%3Anormal&#8221; css=&#8221;.vc_custom_1569516132481{padding-top: 50px !important;}&#8221;][vc_single_image image=&#8221;8954&#8243; img_size=&#8221;medium&#8221;][vc_column_text] El Gas es una de las principales fuentes de energ\u00eda. El gas es un combustible f\u00f3sil formado por un proceso de descomposici\u00f3n de la materia org\u00e1nica. Es utilizada en todo el planeta, tanto [&hellip;]<\/p>\n","protected":false},"author":1,"featured_media":0,"parent":9227,"menu_order":0,"comment_status":"closed","ping_status":"closed","template":"","meta":{"footnotes":""},"_links":{"self":[{"href":"https:\/\/www.bagsa.com.ar\/public_html\/wp-json\/wp\/v2\/pages\/8949"}],"collection":[{"href":"https:\/\/www.bagsa.com.ar\/public_html\/wp-json\/wp\/v2\/pages"}],"about":[{"href":"https:\/\/www.bagsa.com.ar\/public_html\/wp-json\/wp\/v2\/types\/page"}],"author":[{"embeddable":true,"href":"https:\/\/www.bagsa.com.ar\/public_html\/wp-json\/wp\/v2\/users\/1"}],"replies":[{"embeddable":true,"href":"https:\/\/www.bagsa.com.ar\/public_html\/wp-json\/wp\/v2\/comments?post=8949"}],"version-history":[{"count":40,"href":"https:\/\/www.bagsa.com.ar\/public_html\/wp-json\/wp\/v2\/pages\/8949\/revisions"}],"predecessor-version":[{"id":10083,"href":"https:\/\/www.bagsa.com.ar\/public_html\/wp-json\/wp\/v2\/pages\/8949\/revisions\/10083"}],"up":[{"embeddable":true,"href":"https:\/\/www.bagsa.com.ar\/public_html\/wp-json\/wp\/v2\/pages\/9227"}],"wp:attachment":[{"href":"https:\/\/www.bagsa.com.ar\/public_html\/wp-json\/wp\/v2\/media?parent=8949"}],"curies":[{"name":"wp","href":"https:\/\/api.w.org\/{rel}","templated":true}]}}