{"id":8919,"date":"2019-05-14T11:15:38","date_gmt":"2019-05-14T14:15:38","guid":{"rendered":"http:\/\/c1521065.ferozo.com\/?page_id=8919"},"modified":"2019-10-04T13:57:36","modified_gmt":"2019-10-04T16:57:36","slug":"medidas-de-seguridad","status":"publish","type":"page","link":"https:\/\/www.bagsa.com.ar\/public_html\/seguridad\/medidas-de-seguridad\/","title":{"rendered":"Medidas de Seguridad"},"content":{"rendered":"<p>[vc_row full_width=&#8221;stretch_row&#8221; css=&#8221;.vc_custom_1569939679501{padding-top: 60px !important;padding-bottom: 60px !important;background-color: #afafaf !important;}&#8221;][vc_column width=&#8221;2\/3&#8243;][vc_custom_heading text=&#8221;MEDIDAS DE SEGURIDAD&#8221; font_container=&#8221;tag:h2|text_align:left|color:%23005d98&#8243; google_fonts=&#8221;font_family:Roboto%20Slab%3A100%2C300%2Cregular%2C700|font_style:700%20bold%20regular%3A700%3Anormal&#8221;][vc_single_image image=&#8221;8714&#8243; img_size=&#8221;medium&#8221;][vc_column_text]<\/p>\n<h4 style=\"color: #005d98; font-weight: 400; font-size: 20px; line-height: 30px;\">Consejos sobre la seguridad en el uso del gas.<\/h4>\n<p>[\/vc_column_text][\/vc_column][vc_column width=&#8221;1\/3&#8243;][vc_single_image image=&#8221;8922&#8243; img_size=&#8221;medium&#8221; alignment=&#8221;center&#8221;][\/vc_column][\/vc_row][vc_row full_width=&#8221;stretch_row&#8221; content_placement=&#8221;middle&#8221; css=&#8221;.vc_custom_1559080959350{padding-top: 40px !important;padding-bottom: 40px !important;background-color: #ffffff !important;}&#8221; el_id=&#8221;prevencion-de-danos&#8221;][vc_column][vc_custom_heading text=&#8221;POL\u00cdTICAS DE&#8221; font_container=&#8221;tag:h2|text_align:center|color:%23005d98&#8243; google_fonts=&#8221;font_family:Roboto%20Slab%3A100%2C300%2Cregular%2C700|font_style:300%20light%20regular%3A300%3Anormal&#8221; css=&#8221;.vc_custom_1569561007278{padding-top: 10px !important;padding-bottom: 0px !important;}&#8221;][vc_custom_heading text=&#8221;SEGURIDAD Y PREVENCI\u00d3N&#8221; font_container=&#8221;tag:h2|text_align:center|color:%23005d98&#8243; google_fonts=&#8221;font_family:Roboto%20Slab%3A100%2C300%2Cregular%2C700|font_style:700%20bold%20regular%3A700%3Anormal&#8221; css=&#8221;.vc_custom_1569561013554{padding-top: 10px !important;padding-bottom: 20px !important;}&#8221;][vc_row_inner][vc_column_inner width=&#8221;1\/3&#8243;][vc_empty_space][\/vc_column_inner][vc_column_inner width=&#8221;1\/3&#8243;][vc_single_image image=&#8221;8714&#8243; img_size=&#8221;full&#8221; alignment=&#8221;center&#8221;][\/vc_column_inner][vc_column_inner width=&#8221;1\/3&#8243;][vc_empty_space][\/vc_column_inner][\/vc_row_inner][vc_row_inner][vc_column_inner width=&#8221;1\/2&#8243;][vc_column_text]<\/p>\n<ul class=\"prevencion\">\n<li>Como elemento de seguridad primario se suministra a los usuarios gas con un olor distintivo, agreg\u00e1ndole un agente odorante en una concentraci\u00f3n que sea f\u00e1cilmente detectable y, mediante pruebas odorim\u00e9tricas se controla el riguroso cumplimiento de la Odorizaci\u00f3n.<\/li>\n<li>Para la prevenci\u00f3n de da\u00f1os debido a cualquier operaci\u00f3n que implique el movimiento de suelos, notificamos formalmente a las autoridades municipales y al p\u00fablico en general acerca de la presencia de ca\u00f1er\u00eda soterrada e instalaciones<br \/>\nde BAGSA.<\/li>\n<\/ul>\n<p>[\/vc_column_text][\/vc_column_inner][vc_column_inner width=&#8221;1\/2&#8243;][vc_column_text]<\/p>\n<ul class=\"prevencion\">\n<li style=\"list-style-type: none;\">\n<ul class=\"prevencion\">\n<li>Tambi\u00e9n instalamos carteler\u00eda, con las se\u00f1ales y colores de seguridad exigidos en la normativa. Algunas contienen los datos de BAGSA para su contacto mientras que otras dan aviso de la presencia de la ca\u00f1er\u00eda indicando prohibiciones o advertencias.<\/li>\n<li>Procedemos a la b\u00fasqueda de fugas con los equipos con los que nuestros t\u00e9cnicos especialistas realizan relevamientos para detectar, localizar y medir las concentraciones de gas en la atm\u00f3sfera, estableci\u00e9ndose prioridades de reparaci\u00f3n.<\/li>\n<\/ul>\n<\/li>\n<\/ul>\n<p>[\/vc_column_text][\/vc_column_inner][\/vc_row_inner][\/vc_column][\/vc_row][vc_row full_width=&#8221;stretch_row&#8221; content_placement=&#8221;middle&#8221; css=&#8221;.vc_custom_1569939820265{padding-top: 40px !important;padding-bottom: 60px !important;background-color: #f2f2f2 !important;}&#8221; el_id=&#8221;plan-de-emergencias&#8221;][vc_column][vc_custom_heading text=&#8221;PLAN DE ATENCI\u00d3N DE EMERGENCIAS&#8221; font_container=&#8221;tag:h2|text_align:left|color:%23005d98&#8243; google_fonts=&#8221;font_family:Roboto%20Slab%3A100%2C300%2Cregular%2C700|font_style:400%20regular%3A400%3Anormal&#8221; css=&#8221;.vc_custom_1569560982079{padding-top: 20px !important;padding-bottom: 0px !important;}&#8221;][vc_custom_heading text=&#8221;Y CONTINGENCIAS AMBIENTALES&#8221; font_container=&#8221;tag:h2|text_align:right|color:%23005d98&#8243; google_fonts=&#8221;font_family:Roboto%20Slab%3A100%2C300%2Cregular%2C700|font_style:700%20bold%20regular%3A700%3Anormal&#8221; css=&#8221;.vc_custom_1569560988887{padding-top: 10px !important;padding-bottom: 20px !important;}&#8221;][vc_single_image image=&#8221;8714&#8243; img_size=&#8221;medium&#8221; alignment=&#8221;right&#8221;][vc_row_inner][vc_column_inner width=&#8221;1\/2&#8243;][vc_column_text css=&#8221;.vc_custom_1569561083358{padding-right: 40px !important;}&#8221;]<\/p>\n<p style=\"line-height: 30px; font-size: 18px; text-align: justify;\">Conscientes de la posibilidad de ocurrencia de condiciones que lleven a situaciones de emergencia y contingencias ambientales, hemos desarrollado e implementado un Plan de Atenci\u00f3n de Emergencias y un Plan de Contingencias Ambientales, que se complementan. Sus objetivos son velar por la seguridad de las personas, por el cuidado de los componentes ambientales (f\u00edsicos, biol\u00f3gicos y socioecon\u00f3mico-culturales) y por la integridad de las instalaciones y construcciones de terceros y propias BAGSA. Estos planes incluyen una l\u00ednea gratuita de comunicaci\u00f3n y la cadena de comunicaciones a implementar entre los diferentes actores para la respuesta del control de un evento.<\/p>\n<p>[\/vc_column_text][\/vc_column_inner][vc_column_inner width=&#8221;1\/2&#8243;][vc_single_image image=&#8221;8936&#8243; alignment=&#8221;center&#8221;][\/vc_column_inner][\/vc_row_inner][\/vc_column][\/vc_row]<\/p>\n","protected":false},"excerpt":{"rendered":"<p>[vc_row full_width=&#8221;stretch_row&#8221; css=&#8221;.vc_custom_1569939679501{padding-top: 60px !important;padding-bottom: 60px !important;background-color: #afafaf !important;}&#8221;][vc_column width=&#8221;2\/3&#8243;][vc_custom_heading text=&#8221;MEDIDAS DE SEGURIDAD&#8221; font_container=&#8221;tag:h2|text_align:left|color:%23005d98&#8243; google_fonts=&#8221;font_family:Roboto%20Slab%3A100%2C300%2Cregular%2C700|font_style:700%20bold%20regular%3A700%3Anormal&#8221;][vc_single_image image=&#8221;8714&#8243; img_size=&#8221;medium&#8221;][vc_column_text] Consejos sobre la seguridad en el uso del gas. [\/vc_column_text][\/vc_column][vc_column width=&#8221;1\/3&#8243;][vc_single_image image=&#8221;8922&#8243; img_size=&#8221;medium&#8221; alignment=&#8221;center&#8221;][\/vc_column][\/vc_row][vc_row full_width=&#8221;stretch_row&#8221; content_placement=&#8221;middle&#8221; css=&#8221;.vc_custom_1559080959350{padding-top: 40px !important;padding-bottom: 40px !important;background-color: #ffffff !important;}&#8221; el_id=&#8221;prevencion-de-danos&#8221;][vc_column][vc_custom_heading text=&#8221;POL\u00cdTICAS DE&#8221; font_container=&#8221;tag:h2|text_align:center|color:%23005d98&#8243; google_fonts=&#8221;font_family:Roboto%20Slab%3A100%2C300%2Cregular%2C700|font_style:300%20light%20regular%3A300%3Anormal&#8221; css=&#8221;.vc_custom_1569561007278{padding-top: 10px !important;padding-bottom: 0px !important;}&#8221;][vc_custom_heading text=&#8221;SEGURIDAD Y PREVENCI\u00d3N&#8221; font_container=&#8221;tag:h2|text_align:center|color:%23005d98&#8243; google_fonts=&#8221;font_family:Roboto%20Slab%3A100%2C300%2Cregular%2C700|font_style:700%20bold%20regular%3A700%3Anormal&#8221; [&hellip;]<\/p>\n","protected":false},"author":1,"featured_media":0,"parent":9227,"menu_order":0,"comment_status":"closed","ping_status":"closed","template":"","meta":{"footnotes":""},"_links":{"self":[{"href":"https:\/\/www.bagsa.com.ar\/public_html\/wp-json\/wp\/v2\/pages\/8919"}],"collection":[{"href":"https:\/\/www.bagsa.com.ar\/public_html\/wp-json\/wp\/v2\/pages"}],"about":[{"href":"https:\/\/www.bagsa.com.ar\/public_html\/wp-json\/wp\/v2\/types\/page"}],"author":[{"embeddable":true,"href":"https:\/\/www.bagsa.com.ar\/public_html\/wp-json\/wp\/v2\/users\/1"}],"replies":[{"embeddable":true,"href":"https:\/\/www.bagsa.com.ar\/public_html\/wp-json\/wp\/v2\/comments?post=8919"}],"version-history":[{"count":47,"href":"https:\/\/www.bagsa.com.ar\/public_html\/wp-json\/wp\/v2\/pages\/8919\/revisions"}],"predecessor-version":[{"id":10350,"href":"https:\/\/www.bagsa.com.ar\/public_html\/wp-json\/wp\/v2\/pages\/8919\/revisions\/10350"}],"up":[{"embeddable":true,"href":"https:\/\/www.bagsa.com.ar\/public_html\/wp-json\/wp\/v2\/pages\/9227"}],"wp:attachment":[{"href":"https:\/\/www.bagsa.com.ar\/public_html\/wp-json\/wp\/v2\/media?parent=8919"}],"curies":[{"name":"wp","href":"https:\/\/api.w.org\/{rel}","templated":true}]}}