{"id":7434,"date":"2018-03-06T06:02:44","date_gmt":"2018-03-06T06:02:44","guid":{"rendered":"https:\/\/themes.radiantthemes.com\/consultix\/demo-one\/?page_id=7434"},"modified":"2026-04-29T08:44:27","modified_gmt":"2026-04-29T11:44:27","slug":"tarifas","status":"publish","type":"page","link":"https:\/\/www.bagsa.com.ar\/public_html\/tarifas\/","title":{"rendered":"Tarifas"},"content":{"rendered":"<p>[vc_row full_width=&#8221;stretch_row&#8221; css=&#8221;.vc_custom_1569431159299{padding-top: 30px !important;padding-bottom: 30px !important;background-color: #cccccc !important;}&#8221;][vc_column width=&#8221;1\/2&#8243;][vc_custom_heading text=&#8221;TARIFAS&#8221; font_container=&#8221;tag:h2|text_align:left|color:%23005e98&#8243; google_fonts=&#8221;font_family:Roboto%20Slab%3A100%2C300%2Cregular%2C700|font_style:700%20bold%20regular%3A700%3Anormal&#8221; css=&#8221;.vc_custom_1569431184508{padding-top: 80px !important;padding-bottom: 20px !important;}&#8221;][vc_single_image image=&#8221;8714&#8243; img_size=&#8221;medium&#8221;][vc_column_text]<\/p>\n<h4 style=\"color: #005d98; font-weight: 400; font-size: 20px; line-height: 30px;\">Toda la informaci\u00f3n que necesit\u00e1s sobre las Tarifas Vigentes aprobadas por ENARGAS<\/h4>\n<p>[\/vc_column_text][\/vc_column][vc_column width=&#8221;1\/2&#8243;][vc_single_image image=&#8221;9854&#8243; img_size=&#8221;medium&#8221; alignment=&#8221;center&#8221;][\/vc_column][\/vc_row][vc_row css=&#8221;.vc_custom_1569508404256{margin-top: 60px !important;margin-bottom: 60px !important;padding-top: 20px !important;padding-right: 20px !important;padding-bottom: 20px !important;padding-left: 20px !important;background-color: #f2f2f2 !important;}&#8221;][vc_column css=&#8221;.vc_custom_1569933867443{margin-bottom: 0px !important;}&#8221;][vc_custom_heading text=&#8221;SEGMENTOS DE CONSUMO&#8221; font_container=&#8221;tag:h3|text_align:left|color:%23005d99&#8243; google_fonts=&#8221;font_family:Roboto%3A100%2C100italic%2C300%2C300italic%2Cregular%2Citalic%2C500%2C500italic%2C700%2C700italic%2C900%2C900italic|font_style:700%20bold%20regular%3A700%3Anormal&#8221; css=&#8221;.vc_custom_1721044200088{margin-top: 0px !important;margin-bottom: 30px !important;}&#8221;][vc_row_inner css=&#8221;.vc_custom_1569933783484{padding-top: 0px !important;}&#8221;][vc_column_inner width=&#8221;5\/12&#8243;][vc_column_text]<span style=\"color: #333399;\"><strong>Segmento de consumo Gas Natural (Litoral Gas, Naturgy Ban, Camuzzi Pampeana)<\/strong><\/span>[\/vc_column_text][vc_column_text]<span style=\"color: #333399;\"><strong>Segmento de consumo SGP<\/strong><\/span>[\/vc_column_text][\/vc_column_inner][vc_column_inner width=&#8221;1\/3&#8243;][vc_btn title=&#8221;Res:409-08&#8243; style=&#8221;classic&#8221; color=&#8221;blue&#8221; link=&#8221;url:http%3A%2F%2Fwww.bagsa.com.ar%2Fpublic_html%2Fwp-content%2Fuploads%2F2024%2F07%2FSegmento-de-consumo-Gas-Natural-Litoral-Naturgy-Camuzzi-Pampeana-1.pdf|||&#8221; css=&#8221;.vc_custom_1721044495698{background-color: #1e73be !important;}&#8221;][\/vc_column_inner][vc_column_inner width=&#8221;5\/12&#8243;][vc_btn title=&#8221;Res:694-09&#8243; style=&#8221;classic&#8221; color=&#8221;blue&#8221; link=&#8221;url:http%3A%2F%2Fwww.bagsa.com.ar%2Fpublic_html%2Fwp-content%2Fuploads%2F2024%2F07%2FSegmento-de-Consumo-SGP.pdf|title:694-09||&#8221;][\/vc_column_inner][\/vc_row_inner][vc_row_inner css=&#8221;.vc_custom_1569933783484{padding-top: 0px !important;}&#8221;][vc_column_inner width=&#8221;5\/12&#8243;][vc_column_text]<span style=\"color: #333399;\"><strong>Segmento de consumo Camuzzi Gas Pampeana<\/strong><\/span>[\/vc_column_text][\/vc_column_inner][vc_column_inner width=&#8221;1\/3&#8243;][vc_btn title=&#8221;Res:4343-17&#8243; style=&#8221;classic&#8221; color=&#8221;blue&#8221; link=&#8221;url:http%3A%2F%2Fwww.bagsa.com.ar%2Fpublic_html%2Fwp-content%2Fuploads%2F2024%2F07%2FSegmento-de-Consumo-Camuzzi-Pampeana-CLARAZ-NECOCHEA.pdf|||&#8221; css=&#8221;.vc_custom_1721045671217{background-color: #1e73be !important;}&#8221;][\/vc_column_inner][\/vc_row_inner][vc_column_text css=&#8221;.vc_custom_1721044152465{margin-bottom: 0px !important;}&#8221;][\/vc_column_text][\/vc_column][\/vc_row][vc_row css=&#8221;.vc_custom_1569508404256{margin-top: 60px !important;margin-bottom: 60px !important;padding-top: 20px !important;padding-right: 20px !important;padding-bottom: 20px !important;padding-left: 20px !important;background-color: #f2f2f2 !important;}&#8221; el_id=&#8221;cuadros-tarifarios&#8221;][vc_column css=&#8221;.vc_custom_1569933867443{margin-bottom: 0px !important;}&#8221;][vc_custom_heading text=&#8221;CUADROS TARIFARIOS GN&#8221; font_container=&#8221;tag:h3|text_align:left|color:%23005d99&#8243; google_fonts=&#8221;font_family:Roboto%20Slab%3A100%2C300%2Cregular%2C700|font_style:400%20regular%3A400%3Anormal&#8221; css=&#8221;.vc_custom_1569938584164{margin-top: 0px !important;margin-bottom: 30px !important;}&#8221;][vc_custom_heading text=&#8221;Tarifas Vigentes&#8221; font_container=&#8221;tag:h4|text_align:left|color:%23005d99&#8243; google_fonts=&#8221;font_family:Roboto%20Slab%3A100%2C300%2Cregular%2C700|font_style:400%20regular%3A400%3Anormal&#8221; css=&#8221;.vc_custom_1667321655786{margin-top: 0px !important;margin-bottom: 30px !important;}&#8221;][vc_column_text css=&#8221;.vc_custom_1667319677778{margin-bottom: 0px !important;}&#8221;]<\/p>\n<h1><\/h1>\n<p>[\/vc_column_text][vc_text_separator title=&#8221;&#8221;][vc_row_inner css=&#8221;.vc_custom_1569933783484{padding-top: 0px !important;}&#8221;][vc_column_inner width=&#8221;5\/12&#8243;][vc_column_text]<span style=\"color: #333399;\"><strong>Naturgy\u00a0 BAN S.A<\/strong><\/span>[\/vc_column_text][vc_column_text]<span style=\"color: #333399;\"><strong>Camuzi Gas Pampeana S.A<\/strong><\/span>[\/vc_column_text][vc_column_text]<span style=\"color: #333399;\"><strong>Litoral Gas S.A<\/strong><\/span>[\/vc_column_text][vc_column_text]<span style=\"color: #333399;\"><strong>Camuzi Gas del Sur S.A<\/strong><\/span>[\/vc_column_text][\/vc_column_inner][vc_column_inner width=&#8221;1\/3&#8243;][vc_btn title=&#8221;Res.372-2026&#8243; style=&#8221;classic&#8221; color=&#8221;blue&#8221; link=&#8221;url:http%3A%2F%2Fwww.bagsa.com.ar%2Fpublic_html%2Fwp-content%2Fuploads%2F2026%2F04%2FNATURGY-GN-Abril-2026.pdf|||&#8221; css=&#8221;.vc_custom_1777463009372{background-color: #1e73be !important;}&#8221;][\/vc_column_inner][vc_column_inner width=&#8221;5\/12&#8243;][vc_btn title=&#8221;Res.373-2026&#8243; style=&#8221;classic&#8221; color=&#8221;blue&#8221; link=&#8221;url:http%3A%2F%2Fwww.bagsa.com.ar%2Fpublic_html%2Fwp-content%2Fuploads%2F2026%2F04%2FCGP-GN-ABRIL-26.pdf|||&#8221;][\/vc_column_inner][vc_column_inner width=&#8221;1\/3&#8243;][vc_btn title=&#8221;Res.378-2026&#8243; style=&#8221;classic&#8221; color=&#8221;blue&#8221; link=&#8221;url:http%3A%2F%2Fwww.bagsa.com.ar%2Fpublic_html%2Fwp-content%2Fuploads%2F2026%2F04%2FLITORAL-GN-Abril-2026.pdf|||&#8221;][\/vc_column_inner][vc_column_inner width=&#8221;5\/12&#8243;][vc_btn title=&#8221;Res.374-2026&#8243; style=&#8221;classic&#8221; color=&#8221;blue&#8221; link=&#8221;url:http%3A%2F%2Fwww.bagsa.com.ar%2Fpublic_html%2Fwp-content%2Fuploads%2F2026%2F04%2FCGS-GN-ABRIL-2026.pdf|||&#8221;][\/vc_column_inner][\/vc_row_inner][\/vc_column][\/vc_row][vc_row css=&#8221;.vc_custom_1569508404256{margin-top: 60px !important;margin-bottom: 60px !important;padding-top: 20px !important;padding-right: 20px !important;padding-bottom: 20px !important;padding-left: 20px !important;background-color: #f2f2f2 !important;}&#8221;][vc_column css=&#8221;.vc_custom_1569933867443{margin-bottom: 0px !important;}&#8221;][vc_custom_heading text=&#8221;CUADROS TARIFARIOS GN &#8211; ZONA FR\u00edA&#8221; font_container=&#8221;tag:h3|text_align:left|color:%23005d99&#8243; google_fonts=&#8221;font_family:Roboto%20Slab%3A100%2C300%2Cregular%2C700|font_style:400%20regular%3A400%3Anormal&#8221; css=&#8221;.vc_custom_1633038204231{margin-top: 0px !important;margin-bottom: 30px !important;}&#8221;][vc_column_text css=&#8221;.vc_custom_1633038231385{margin-bottom: 0px !important;}&#8221;]<strong>Localidades operadas por BAGSA que van a tener este beneficio: <\/strong>Norberto de la Riestra, Pedernales, Dudignac, Todd, Napaleof\u00fa, Ireneo Portela, O\u00b4brien, La Luisa, Tres Sargentos, Rawson, Moquehu\u00e1, Pearson, Oriente, El Perdido, Salazar, Blaquier, Mechongu\u00e9, General Arenales, Ferr\u00e9, La Colina, Villanueva, Germania, Granada, Bunge, Piedritas, Guamin\u00ed, Laguna Alsina, Casbas, Agust\u00edn Roca, Pasteur, Roberts, Bayauca, San Manuel, Carboni, Salvador Mar\u00eda, Bah\u00eda San Blas, Carabelas, Rafael Obligado, Quenum\u00e1, In\u00e9s Indart, Cucull\u00fa, Zona Norte San Nicolas, Campo Salles, R\u00edo Tala, Santa Luc\u00eda, Pueblo Doyle, Gardey, Villa Ventana, Claromec\u00f3, Copetonas, Orense, Cascallares, Bellocq, Villa Gesell, Mar de las Pampas, Mar Azul &#8211; Las Gaviotas.[\/vc_column_text][\/vc_column][\/vc_row][vc_row css=&#8221;.vc_custom_1569429254252{margin-top: 60px !important;margin-bottom: 60px !important;padding-top: 20px !important;padding-right: 20px !important;padding-bottom: 20px !important;padding-left: 20px !important;background-color: #f2f2f2 !important;}&#8221;][vc_column][vc_custom_heading text=&#8221;CUADROS TARIFARIOS GLP&#8221; font_container=&#8221;tag:h3|text_align:left|color:%23005d99&#8243; google_fonts=&#8221;font_family:Roboto%20Slab%3A100%2C300%2Cregular%2C700|font_style:400%20regular%3A400%3Anormal&#8221; css=&#8221;.vc_custom_1569938590752{margin-top: 0px !important;margin-bottom: 30px !important;}&#8221;][vc_column_text]<\/p>\n<p style=\"font-size: 16px; line-height: 26px;\">Seleccione Localidad<\/p>\n<p>[\/vc_column_text][vc_row_inner][vc_column_inner][\/vc_column_inner][\/vc_row_inner][vc_row_inner css=&#8221;.vc_custom_1569933783484{padding-top: 0px !important;}&#8221;][vc_column_inner width=&#8221;5\/12&#8243;][vc_column_text]<span style=\"color: #333399;\"><strong>Naturgy\u00a0 BAN S.A GLP<\/strong><\/span>[\/vc_column_text][vc_column_text]<span style=\"color: #333399;\"><strong>Camuzi Gas Pampeana S.A GLP\u00a0<\/strong><\/span>[\/vc_column_text][vc_column_text]<span style=\"color: #333399;\"><strong>Litoral Gas S.A GLP<\/strong><\/span>[\/vc_column_text][vc_column_text]<span style=\"color: #333399;\"><strong>Camuzi Gas del Sur S.A GLP<\/strong><\/span>[\/vc_column_text][\/vc_column_inner][vc_column_inner width=&#8221;1\/3&#8243;][vc_btn title=&#8221;Res.372-2026&#8243; style=&#8221;classic&#8221; color=&#8221;blue&#8221; link=&#8221;url:http%3A%2F%2Fwww.bagsa.com.ar%2Fpublic_html%2Fwp-content%2Fuploads%2F2026%2F04%2FNATURGY-GLP-Abril-2026.pdf|||&#8221; css=&#8221;.vc_custom_1777462633640{background-color: #1e73be !important;}&#8221;][\/vc_column_inner][vc_column_inner width=&#8221;5\/12&#8243;][vc_btn title=&#8221;Res.373-2026&#8243; style=&#8221;classic&#8221; color=&#8221;blue&#8221; link=&#8221;url:http%3A%2F%2Fwww.bagsa.com.ar%2Fpublic_html%2Fwp-content%2Fuploads%2F2026%2F04%2FCGP-GLP-ABRIL-2026.pdf|||&#8221;][\/vc_column_inner][vc_column_inner width=&#8221;1\/3&#8243;][vc_btn title=&#8221;Res.378-2026&#8243; style=&#8221;classic&#8221; color=&#8221;blue&#8221; link=&#8221;url:http%3A%2F%2Fwww.bagsa.com.ar%2Fpublic_html%2Fwp-content%2Fuploads%2F2026%2F04%2FLITORAL-GLP-ABRIL-2026.pdf|||&#8221;][\/vc_column_inner][vc_column_inner width=&#8221;5\/12&#8243;][vc_btn title=&#8221;Res.374-2026&#8243; style=&#8221;classic&#8221; color=&#8221;blue&#8221; link=&#8221;url:http%3A%2F%2Fwww.bagsa.com.ar%2Fpublic_html%2Fwp-content%2Fuploads%2F2026%2F04%2FCGS-GLP-ABRIL-2026.pdf|||&#8221;][\/vc_column_inner][\/vc_row_inner][\/vc_column][\/vc_row][vc_row css=&#8221;.vc_custom_1569508432933{margin-top: 60px !important;margin-bottom: 60px !important;padding-top: 20px !important;padding-right: 20px !important;padding-bottom: 20px !important;padding-left: 20px !important;background-color: #f2f2f2 !important;}&#8221; el_id=&#8221;cuadros-tasas-y-cargos&#8221;][vc_column][vc_custom_heading text=&#8221;TASAS Y CARGOS&#8221; font_container=&#8221;tag:h3|text_align:left|color:%23005d99&#8243; google_fonts=&#8221;font_family:Roboto%20Slab%3A100%2C300%2Cregular%2C700|font_style:400%20regular%3A400%3Anormal&#8221; css=&#8221;.vc_custom_1569938596382{margin-top: 0px !important;margin-bottom: 30px !important;}&#8221;][vc_column_text]<\/p>\n<p style=\"font-size: 16px; line-height: 26px;\">Las tasas y cargos que se encuentran a continuaci\u00f3n son las \u00faltimas aprobadas y las actualmente en vigencia.<\/p>\n<p>[\/vc_column_text][vc_btn title=&#8221;DESCARGAR (TASAS-Y-CARGOS-Abril-2026)&#8221; style=&#8221;flat&#8221; shape=&#8221;square&#8221; color=&#8221;blue&#8221; size=&#8221;lg&#8221; align=&#8221;left&#8221; link=&#8221;url:http%3A%2F%2Fwww.bagsa.com.ar%2Fpublic_html%2Fwp-content%2Fuploads%2F2026%2F04%2FTASAS-Y-CARGOS-ABRIL2026.pdf||target:%20_blank|&#8221; css=&#8221;.vc_custom_1777463062125{margin-top: 20px !important;}&#8221;][\/vc_column][\/vc_row][vc_row full_width=&#8221;stretch_row&#8221; css=&#8221;.vc_custom_1569509090861{padding-top: 30px !important;padding-bottom: 30px !important;background-color: #b7e4f9 !important;}&#8221; el_id=&#8221;tarifa-social&#8221;][vc_column width=&#8221;1\/2&#8243;][vc_custom_heading text=&#8221;TARIFA SOCIAL&#8221; font_container=&#8221;tag:h3|text_align:left|color:%23005e98&#8243; google_fonts=&#8221;font_family:Roboto%20Slab%3A100%2C300%2Cregular%2C700|font_style:400%20regular%3A400%3Anormal&#8221; css=&#8221;.vc_custom_1569938664291{padding-top: 80px !important;padding-bottom: 20px !important;}&#8221;][vc_single_image image=&#8221;8714&#8243; img_size=&#8221;medium&#8221;][vc_column_text]<\/p>\n<p style=\"font-size: 20px; line-height: 28px;\">\u00bfSab\u00edas que pod\u00e9s acceder a una bonificaci\u00f3n en el precio del gas natural o propano por redes?<\/p>\n<p style=\"font-size: 20px; line-height: 28px;\">Conoc\u00e9 todos los requisitos y condiciones.<\/p>\n<p>[\/vc_column_text][vc_btn title=&#8221;M\u00e1s Info&#8221; style=&#8221;flat&#8221; shape=&#8221;square&#8221; color=&#8221;blue&#8221; size=&#8221;lg&#8221; align=&#8221;left&#8221; link=&#8221;url:https%3A%2F%2Fwww.anses.gob.ar%2Ftarifa-social-de-gas-0||target:%20_blank|&#8221; css=&#8221;.vc_custom_1666186477468{margin-top: 20px !important;}&#8221;][\/vc_column][vc_column width=&#8221;1\/2&#8243;][vc_single_image image=&#8221;9896&#8243; img_size=&#8221;medium&#8221; alignment=&#8221;center&#8221; css=&#8221;.vc_custom_1569509142001{margin-top: 50px !important;}&#8221;][\/vc_column][\/vc_row]<\/p>\n","protected":false},"excerpt":{"rendered":"<p>[vc_row full_width=&#8221;stretch_row&#8221; css=&#8221;.vc_custom_1569431159299{padding-top: 30px !important;padding-bottom: 30px !important;background-color: #cccccc !important;}&#8221;][vc_column width=&#8221;1\/2&#8243;][vc_custom_heading text=&#8221;TARIFAS&#8221; font_container=&#8221;tag:h2|text_align:left|color:%23005e98&#8243; google_fonts=&#8221;font_family:Roboto%20Slab%3A100%2C300%2Cregular%2C700|font_style:700%20bold%20regular%3A700%3Anormal&#8221; css=&#8221;.vc_custom_1569431184508{padding-top: 80px !important;padding-bottom: 20px !important;}&#8221;][vc_single_image image=&#8221;8714&#8243; img_size=&#8221;medium&#8221;][vc_column_text] Toda la informaci\u00f3n que necesit\u00e1s sobre las Tarifas Vigentes aprobadas por ENARGAS [\/vc_column_text][\/vc_column][vc_column width=&#8221;1\/2&#8243;][vc_single_image image=&#8221;9854&#8243; img_size=&#8221;medium&#8221; alignment=&#8221;center&#8221;][\/vc_column][\/vc_row][vc_row css=&#8221;.vc_custom_1569508404256{margin-top: 60px !important;margin-bottom: 60px !important;padding-top: 20px !important;padding-right: 20px !important;padding-bottom: 20px !important;padding-left: 20px !important;background-color: #f2f2f2 !important;}&#8221;][vc_column css=&#8221;.vc_custom_1569933867443{margin-bottom: 0px !important;}&#8221;][vc_custom_heading [&hellip;]<\/p>\n","protected":false},"author":1,"featured_media":0,"parent":0,"menu_order":0,"comment_status":"closed","ping_status":"closed","template":"","meta":{"footnotes":""},"_links":{"self":[{"href":"https:\/\/www.bagsa.com.ar\/public_html\/wp-json\/wp\/v2\/pages\/7434"}],"collection":[{"href":"https:\/\/www.bagsa.com.ar\/public_html\/wp-json\/wp\/v2\/pages"}],"about":[{"href":"https:\/\/www.bagsa.com.ar\/public_html\/wp-json\/wp\/v2\/types\/page"}],"author":[{"embeddable":true,"href":"https:\/\/www.bagsa.com.ar\/public_html\/wp-json\/wp\/v2\/users\/1"}],"replies":[{"embeddable":true,"href":"https:\/\/www.bagsa.com.ar\/public_html\/wp-json\/wp\/v2\/comments?post=7434"}],"version-history":[{"count":220,"href":"https:\/\/www.bagsa.com.ar\/public_html\/wp-json\/wp\/v2\/pages\/7434\/revisions"}],"predecessor-version":[{"id":11458,"href":"https:\/\/www.bagsa.com.ar\/public_html\/wp-json\/wp\/v2\/pages\/7434\/revisions\/11458"}],"wp:attachment":[{"href":"https:\/\/www.bagsa.com.ar\/public_html\/wp-json\/wp\/v2\/media?parent=7434"}],"curies":[{"name":"wp","href":"https:\/\/api.w.org\/{rel}","templated":true}]}}