{"id":4881,"date":"2018-02-15T05:47:50","date_gmt":"2018-02-15T05:47:50","guid":{"rendered":"https:\/\/themes.radiantthemes.com\/consultix\/demo-one\/?page_id=4881"},"modified":"2025-12-29T09:55:53","modified_gmt":"2025-12-29T12:55:53","slug":"sobre-nosotros","status":"publish","type":"page","link":"https:\/\/www.bagsa.com.ar\/public_html\/sobre-nosotros\/","title":{"rendered":"Sobre Nosotros"},"content":{"rendered":"<p>[vc_row full_width=&#8221;stretch_row&#8221; content_placement=&#8221;middle&#8221; video_bg=&#8221;yes&#8221; video_bg_url=&#8221;https:\/\/www.youtube.com\/watch?v=BtCo4Wixyqw&#8221; css=&#8221;.vc_custom_1570194608514{background-image: url(http:\/\/c1521065.ferozo.com\/wp-content\/uploads\/2019\/10\/Screen-Shot-2019-10-04-at-10.04.37.png?id=10304) !important;background-position: center !important;background-repeat: no-repeat !important;background-size: contain !important;}&#8221; el_id=&#8221;videonosotros&#8221;][vc_column][vc_empty_space height=&#8221;460px&#8221;][\/vc_column][\/vc_row][vc_row full_width=&#8221;stretch_row&#8221; css=&#8221;.vc_custom_1561476209128{margin-top: 0px !important;margin-bottom: 0px !important;padding-top: 40px !important;padding-bottom: 20px !important;background-color: #ffffff !important;}&#8221;][vc_column css=&#8221;.vc_custom_1519362557960{margin-top: 0px !important;padding-top: 0px !important;}&#8221;][vc_custom_heading text=&#8221;\u00bfQUI\u00c9NES SOMOS?&#8221; font_container=&#8221;tag:h2|text_align:center|color:%230a1b2d&#8221; google_fonts=&#8221;font_family:Fira%20Sans%3A300%2C300italic%2C400%2C400italic%2C500%2C500italic%2C700%2C700italic|font_style:500%20bold%20regular%3A500%3Anormal&#8221; css=&#8221;.vc_custom_1561476053540{margin-top: 11px !important;margin-bottom: 0px !important;padding-top: 0px !important;padding-bottom: 30px !important;}&#8221;][vc_column_text css=&#8221;.vc_custom_1648483783615{padding-top: 20px !important;padding-right: 20px !important;padding-bottom: 20px !important;padding-left: 30px !important;}&#8221;]<\/p>\n<p style=\"text-align: center;\">Buenos Aires Gas S.A. (BAGSA), dependiente de la Subsecretar\u00eda de Energ\u00eda, que pertenece al Ministerio de Infraestructura y Servicios P\u00fablicos, es una empresa subdistribuidora de Gas Natural y Propano por redes, con presencia en m\u00e1s de 60 localidades dentro de la Provincia de Buenos Aires. Cuenta con m\u00e1s de 40.000 usuarios residenciales, comerciales e industriales ayudando a mejorar su calidad de vida y promoviendo un uso responsable.<\/p>\n<p>[\/vc_column_text][\/vc_column][\/vc_row][vc_row full_width=&#8221;stretch_row&#8221; disable_element=&#8221;yes&#8221; css=&#8221;.vc_custom_1648481696857{margin-top: 0px !important;margin-bottom: 0px !important;padding-top: 30px !important;padding-bottom: 0px !important;background-color: #449dd7 !important;}&#8221;][vc_column css=&#8221;.vc_custom_1561476827180{padding-top: 20px !important;padding-right: 40px !important;padding-bottom: 10px !important;padding-left: 40px !important;background-color: #449dd7 !important;}&#8221;][vc_custom_heading text=&#8221;NUESTROS VALORES&#8221; font_container=&#8221;tag:h2|text_align:center|color:%23ffffff&#8221; google_fonts=&#8221;font_family:Roboto%20Slab%3A100%2C300%2Cregular%2C700|font_style:700%20bold%20regular%3A700%3Anormal&#8221;][vc_single_image image=&#8221;8711&#8243; img_size=&#8221;medium&#8221; alignment=&#8221;center&#8221;][\/vc_column][\/vc_row][vc_row full_width=&#8221;stretch_row&#8221; gap=&#8221;30&#8243; css=&#8221;.vc_custom_1569934755458{margin-top: 0px !important;margin-bottom: 0px !important;padding-top: 0px !important;padding-bottom: 0px !important;background-color: #449dd7 !important;}&#8221;][vc_column width=&#8221;1\/2&#8243; css=&#8221;.vc_custom_1569934774076{border-top-width: 1px !important;border-right-width: 1px !important;border-bottom-width: 1px !important;border-left-width: 1px !important;padding-top: 10px !important;padding-right: 40px !important;padding-bottom: 10px !important;padding-left: 40px !important;background-color: #449dd7 !important;border-left-color: #f0f0f0 !important;border-left-style: none !important;border-right-color: #f0f0f0 !important;border-right-style: none !important;border-top-color: #f0f0f0 !important;border-top-style: none !important;border-bottom-color: #f0f0f0 !important;border-bottom-style: none !important;}&#8221;][\/vc_column][vc_column width=&#8221;1\/2&#8243; css=&#8221;.vc_custom_1569934786588{border-top-width: 1px !important;border-right-width: 1px !important;border-bottom-width: 1px !important;border-left-width: 1px !important;padding-top: 10px !important;padding-right: 40px !important;padding-bottom: 10px !important;padding-left: 40px !important;background-color: #449dd7 !important;border-left-color: #f0f0f0 !important;border-left-style: none !important;border-right-color: #f0f0f0 !important;border-right-style: none !important;border-top-color: #f0f0f0 !important;border-top-style: none !important;border-bottom-color: #f0f0f0 !important;border-bottom-style: none !important;}&#8221;][\/vc_column][\/vc_row][vc_row full_width=&#8221;stretch_row&#8221; gap=&#8221;30&#8243; css=&#8221;.vc_custom_1569934803722{margin-top: 0px !important;margin-bottom: 0px !important;padding-top: 0px !important;padding-bottom: 30px !important;background-color: #449dd7 !important;}&#8221;][vc_column width=&#8221;1\/6&#8243; css=&#8221;.vc_custom_1561476434830{border-top-width: 1px !important;border-right-width: 1px !important;border-bottom-width: 1px !important;border-left-width: 1px !important;padding-top: 30px !important;padding-right: 40px !important;padding-bottom: 46px !important;padding-left: 40px !important;background-color: #449dd7 !important;border-left-color: #f0f0f0 !important;border-left-style: none !important;border-right-color: #f0f0f0 !important;border-right-style: none !important;border-top-color: #f0f0f0 !important;border-top-style: none !important;border-bottom-color: #f0f0f0 !important;border-bottom-style: none !important;}&#8221;][\/vc_column][vc_column width=&#8221;2\/3&#8243; css=&#8221;.vc_custom_1569934826269{border-top-width: 1px !important;border-right-width: 1px !important;border-bottom-width: 1px !important;border-left-width: 1px !important;padding-top: 10px !important;padding-right: 40px !important;padding-bottom: 10px !important;padding-left: 40px !important;background-color: #449dd7 !important;border-left-color: #f0f0f0 !important;border-left-style: none !important;border-right-color: #f0f0f0 !important;border-right-style: none !important;border-top-color: #f0f0f0 !important;border-top-style: none !important;border-bottom-color: #f0f0f0 !important;border-bottom-style: none !important;}&#8221;][\/vc_column][vc_column width=&#8221;1\/6&#8243; css=&#8221;.vc_custom_1558446858616{border-top-width: 1px !important;border-right-width: 1px !important;border-bottom-width: 1px !important;border-left-width: 1px !important;padding-top: 30px !important;padding-right: 40px !important;padding-bottom: 46px !important;padding-left: 40px !important;border-left-color: #f0f0f0 !important;border-left-style: none !important;border-right-color: #f0f0f0 !important;border-right-style: none !important;border-top-color: #f0f0f0 !important;border-top-style: none !important;border-bottom-color: #f0f0f0 !important;border-bottom-style: none !important;}&#8221;][\/vc_column][\/vc_row][vc_row full_width=&#8221;stretch_row&#8221; css=&#8221;.vc_custom_1569344249240{margin-top: 0px !important;margin-bottom: 0px !important;padding-top: 60px !important;padding-bottom: 80px !important;background-color: #e6e6e6 !important;}&#8221;][vc_column css=&#8221;.vc_custom_1519362639897{margin-top: 0px !important;padding-top: 0px !important;}&#8221;][vc_custom_heading text=&#8221;MISI\u00d3N Y VISI\u00d3N&#8221; font_container=&#8221;tag:h3|text_align:center|color:%23005e97&#8243; google_fonts=&#8221;font_family:Roboto%20Slab%3A100%2C300%2Cregular%2C700|font_style:700%20bold%20regular%3A700%3Anormal&#8221; css=&#8221;.vc_custom_1561474309347{margin-top: 11px !important;margin-bottom: 0px !important;padding-top: 0px !important;padding-bottom: 0px !important;}&#8221;][vc_single_image image=&#8221;8714&#8243; img_size=&#8221;medium&#8221; alignment=&#8221;center&#8221;][vc_row_inner css=&#8221;.vc_custom_1518697640027{margin-top: 45px !important;margin-bottom: 0px !important;padding-top: 0px !important;padding-bottom: 0px !important;}&#8221;][vc_column_inner][vc_column_text css=&#8221;.vc_custom_1648483774538{margin-top: 35px !important;margin-bottom: 0px !important;padding-top: 0px !important;padding-bottom: 0px !important;}&#8221;]<\/p>\n<p style=\"text-align: center;\">BAGSA fue creada con el objetivo central de llevar el servicio de gas por redes a los habitantes de las peque\u00f1as localidades bonaerenses no abastecidas por las distribuidoras, de manera tal que puedan acceder a este servicio p\u00fablico.<\/p>\n<p>[\/vc_column_text][\/vc_column_inner][\/vc_row_inner][\/vc_column][\/vc_row][vc_row full_width=&#8221;stretch_row&#8221; css=&#8221;.vc_custom_1569344769453{margin-top: 0px !important;margin-bottom: 0px !important;padding-top: 40px !important;padding-bottom: 0px !important;background-color: #ffffff !important;}&#8221;][vc_column][vc_custom_heading text=&#8221;AUTORIDADES&#8221; font_container=&#8221;tag:h2|text_align:center|color:%231a95d3&#8243; google_fonts=&#8221;font_family:Roboto%20Slab%3A100%2C300%2Cregular%2C700|font_style:700%20bold%20regular%3A700%3Anormal&#8221;][vc_single_image image=&#8221;8719&#8243; img_size=&#8221;medium&#8221; alignment=&#8221;center&#8221;][\/vc_column][\/vc_row][vc_row full_width=&#8221;stretch_row&#8221; css=&#8221;.vc_custom_1569344675080{padding-top: 10px !important;padding-bottom: 30px !important;background-color: #ffffff !important;background-position: center !important;background-repeat: no-repeat !important;background-size: cover !important;}&#8221;][vc_column css=&#8221;.vc_custom_1518760412281{margin-top: 0px !important;margin-bottom: 0px !important;padding-top: 0px !important;padding-bottom: 0px !important;}&#8221;][vc_row_inner][vc_column_inner width=&#8221;1\/2&#8243;][vc_icon icon_fontawesome=&#8221;fa fa-caret-left&#8221; color=&#8221;custom&#8221; size=&#8221;lg&#8221; align=&#8221;right&#8221; custom_color=&#8221;#1a95d3&#8243; css=&#8221;.vc_custom_1569345123146{margin-right: 0px !important;border-right-width: 0px !important;padding-right: 0px !important;}&#8221;][vc_custom_heading text=&#8221;PRESIDENTE&#8221; font_container=&#8221;tag:h4|text_align:right|color:%231a95d3&#8243; google_fonts=&#8221;font_family:Fira%20Sans%3A300%2C300italic%2C400%2C400italic%2C500%2C500italic%2C700%2C700italic|font_style:400%20regular%3A400%3Anormal&#8221; css=&#8221;.vc_custom_1588683333264{padding-bottom: 10px !important;}&#8221;][vc_custom_heading text=&#8221;Pablo P\u00e9rez&#8221; font_container=&#8221;tag:h5|text_align:right|color:%23000000&#8243; google_fonts=&#8221;font_family:Fira%20Sans%3A300%2C300italic%2C400%2C400italic%2C500%2C500italic%2C700%2C700italic|font_style:300%20light%20regular%3A300%3Anormal&#8221;][\/vc_column_inner][vc_column_inner width=&#8221;1\/2&#8243;][\/vc_column_inner][\/vc_row_inner][vc_row_inner css=&#8221;.vc_custom_1561481901078{padding-top: 40px !important;}&#8221;][vc_column_inner width=&#8221;1\/2&#8243;][\/vc_column_inner][vc_column_inner width=&#8221;1\/2&#8243;][vc_icon icon_fontawesome=&#8221;fa fa-caret-right&#8221; color=&#8221;custom&#8221; size=&#8221;lg&#8221; custom_color=&#8221;#1a95d3&#8243; css=&#8221;.vc_custom_1569345148292{margin-left: 0px !important;border-left-width: 0px !important;padding-left: 0px !important;}&#8221;][vc_custom_heading text=&#8221;VICEPRESIDENTE&#8221; font_container=&#8221;tag:h4|text_align:left|color:%231a95d3&#8243; google_fonts=&#8221;font_family:Fira%20Sans%3A300%2C300italic%2C400%2C400italic%2C500%2C500italic%2C700%2C700italic|font_style:400%20regular%3A400%3Anormal&#8221; css=&#8221;.vc_custom_1561481906183{padding-bottom: 10px !important;}&#8221;][vc_custom_heading text=&#8221; Roberto Juri&#8221; font_container=&#8221;tag:h5|text_align:left|color:%23000000&#8243; google_fonts=&#8221;font_family:Fira%20Sans%3A300%2C300italic%2C400%2C400italic%2C500%2C500italic%2C700%2C700italic|font_style:300%20light%20regular%3A300%3Anormal&#8221;][\/vc_column_inner][\/vc_row_inner][\/vc_column][\/vc_row]<\/p>\n","protected":false},"excerpt":{"rendered":"<p>[vc_row full_width=&#8221;stretch_row&#8221; content_placement=&#8221;middle&#8221; video_bg=&#8221;yes&#8221; video_bg_url=&#8221;https:\/\/www.youtube.com\/watch?v=BtCo4Wixyqw&#8221; css=&#8221;.vc_custom_1570194608514{background-image: url(http:\/\/c1521065.ferozo.com\/wp-content\/uploads\/2019\/10\/Screen-Shot-2019-10-04-at-10.04.37.png?id=10304) !important;background-position: center !important;background-repeat: no-repeat !important;background-size: contain !important;}&#8221; el_id=&#8221;videonosotros&#8221;][vc_column][vc_empty_space height=&#8221;460px&#8221;][\/vc_column][\/vc_row][vc_row full_width=&#8221;stretch_row&#8221; css=&#8221;.vc_custom_1561476209128{margin-top: 0px !important;margin-bottom: 0px !important;padding-top: 40px !important;padding-bottom: 20px !important;background-color: #ffffff !important;}&#8221;][vc_column css=&#8221;.vc_custom_1519362557960{margin-top: 0px !important;padding-top: 0px !important;}&#8221;][vc_custom_heading text=&#8221;\u00bfQUI\u00c9NES SOMOS?&#8221; font_container=&#8221;tag:h2|text_align:center|color:%230a1b2d&#8221; google_fonts=&#8221;font_family:Fira%20Sans%3A300%2C300italic%2C400%2C400italic%2C500%2C500italic%2C700%2C700italic|font_style:500%20bold%20regular%3A500%3Anormal&#8221; css=&#8221;.vc_custom_1561476053540{margin-top: 11px !important;margin-bottom: 0px !important;padding-top: 0px !important;padding-bottom: 30px !important;}&#8221;][vc_column_text css=&#8221;.vc_custom_1648483783615{padding-top: 20px !important;padding-right: 20px !important;padding-bottom: 20px !important;padding-left: 30px !important;}&#8221;] [&hellip;]<\/p>\n","protected":false},"author":1,"featured_media":0,"parent":0,"menu_order":0,"comment_status":"closed","ping_status":"closed","template":"","meta":{"footnotes":""},"_links":{"self":[{"href":"https:\/\/www.bagsa.com.ar\/public_html\/wp-json\/wp\/v2\/pages\/4881"}],"collection":[{"href":"https:\/\/www.bagsa.com.ar\/public_html\/wp-json\/wp\/v2\/pages"}],"about":[{"href":"https:\/\/www.bagsa.com.ar\/public_html\/wp-json\/wp\/v2\/types\/page"}],"author":[{"embeddable":true,"href":"https:\/\/www.bagsa.com.ar\/public_html\/wp-json\/wp\/v2\/users\/1"}],"replies":[{"embeddable":true,"href":"https:\/\/www.bagsa.com.ar\/public_html\/wp-json\/wp\/v2\/comments?post=4881"}],"version-history":[{"count":109,"href":"https:\/\/www.bagsa.com.ar\/public_html\/wp-json\/wp\/v2\/pages\/4881\/revisions"}],"predecessor-version":[{"id":11393,"href":"https:\/\/www.bagsa.com.ar\/public_html\/wp-json\/wp\/v2\/pages\/4881\/revisions\/11393"}],"wp:attachment":[{"href":"https:\/\/www.bagsa.com.ar\/public_html\/wp-json\/wp\/v2\/media?parent=4881"}],"curies":[{"name":"wp","href":"https:\/\/api.w.org\/{rel}","templated":true}]}}