{"id":10584,"date":"2022-02-03T14:04:09","date_gmt":"2022-02-03T17:04:09","guid":{"rendered":"http:\/\/www.bagsa.com.ar\/public_html\/?page_id=10584"},"modified":"2022-02-18T11:10:06","modified_gmt":"2022-02-18T14:10:06","slug":"prevencion-de-danos","status":"publish","type":"page","link":"https:\/\/www.bagsa.com.ar\/public_html\/prevencion-de-danos\/","title":{"rendered":"Prevencion de da\u00f1os"},"content":{"rendered":"<p>[vc_row full_width=&#8221;stretch_row&#8221; css=&#8221;.vc_custom_1643900856169{padding-top: 30px !important;padding-bottom: 30px !important;background-color: #b3b3b3 !important;}&#8221;][vc_column width=&#8221;1\/2&#8243;][vc_single_image image=&#8221;8954&#8243; img_size=&#8221;medium&#8221; css=&#8221;.vc_custom_1643901501780{padding-top: 50px !important;}&#8221;][vc_custom_heading text=&#8221;Plan de Prevenci\u00f3n<br \/>\nde Da\u00f1os&#8221; font_container=&#8221;tag:h2|text_align:right|color:%236f6f6e&#8221; google_fonts=&#8221;font_family:Fira%20Sans%3A300%2C300italic%2C400%2C400italic%2C500%2C500italic%2C700%2C700italic|font_style:400%20regular%3A400%3Anormal&#8221;][vc_single_image image=&#8221;8954&#8243; img_size=&#8221;medium&#8221; alignment=&#8221;right&#8221;][\/vc_column][vc_column width=&#8221;1\/3&#8243;][vc_single_image image=&#8221;10591&#8243; img_size=&#8221;medium&#8221; alignment=&#8221;center&#8221;][\/vc_column][vc_column][\/vc_column][\/vc_row][vc_row][vc_column width=&#8221;5\/6&#8243;][vc_column_text]<\/p>\n<h2>PLAN DE PREVENCI\u00d3N DE DA\u00d1OS EN LA V\u00cdA P\u00daBLICA<\/h2>\n<p>BAGSA S.A. realiza una serie de acciones destinadas a comunicar a empresas o entes, usuarios y personas en general, como prevenir la generaci\u00f3n de eventos que puedan da\u00f1ar las instalaciones de gas que opera en sus \u00e1reas de subdistribuci\u00f3n asignadas por el ENARGAS dentro de la Provincia de Buenos Aires.<br \/>\nPor ello previo al inicio de cualquier obra o trabajo que requiera efectuar actividades de excavaci\u00f3n en la v\u00eda p\u00fablica, a fin de prevenir cualquier tipo de riesgo o da\u00f1o a las ca\u00f1er\u00edas de gas enterradas, es obligatorio hacer el requerimiento de interferencias, para conocer la ubicaci\u00f3n de nuestras instalaciones.<\/p>\n<h2>Como solicitar la ubicaci\u00f3n de nuestras instalaciones<\/h2>\n<p>Completar el siguiente formulario adjuntando el plano de ubicaci\u00f3n o remitir nota a la Unidad Operativa de la localidad donde BAGSA presta el servicio o a BAGSA Central (calle 48 N\u00b0 536 e\/5 y 6, La Plata).<br \/>\nTambi\u00e9n podr\u00e1s enviar un mail a ppdbagsa@bagsa.com.ar completando la informaci\u00f3n requerida en el formulario y adjuntando el plano de ubicaci\u00f3n del \u00e1rea de obra.[\/vc_column_text][vc_column_text]Con esta informaci\u00f3n se activa nuestro Programa De Prevencion De Da\u00f1os que incluye la entrega gratuita de informaci\u00f3n sobre la<br \/>\nubicaci\u00f3n de nuestras instalaciones subterr\u00e1neas, as\u00ed como el asesoramiento para ubicaci\u00f3n de las ca\u00f1er\u00edas y el seguimiento de<br \/>\nactividades de movimiento de suelos una vez comunicado por el requirente la fecha efectiva prevista de inicio de los trabajos.[\/vc_column_text][\/vc_column][vc_column css=&#8221;.vc_custom_1644856803094{padding-right: 0px !important;}&#8221;]\r<!-- rt-cf7 -->\r<div class=\"radiant-contact-form rtafc144380cf5bb5 element-three \"  ><div role=\"form\" class=\"wpcf7\" id=\"wpcf7-f10601-o1\" lang=\"es-AR\" dir=\"ltr\">\n<div class=\"screen-reader-response\"><\/div>\n<form action=\"\/public_html\/wp-json\/wp\/v2\/pages\/10584#wpcf7-f10601-o1\" method=\"post\" class=\"wpcf7-form\" enctype=\"multipart\/form-data\" novalidate=\"novalidate\">\n<div style=\"display: none;\">\n<input type=\"hidden\" name=\"_wpcf7\" value=\"10601\" \/>\n<input type=\"hidden\" name=\"_wpcf7_version\" value=\"5.1.4\" \/>\n<input type=\"hidden\" name=\"_wpcf7_locale\" value=\"es_AR\" \/>\n<input type=\"hidden\" name=\"_wpcf7_unit_tag\" value=\"wpcf7-f10601-o1\" \/>\n<input type=\"hidden\" name=\"_wpcf7_container_post\" value=\"0\" \/>\n<input type=\"hidden\" name=\"_wpcf7cf_hidden_group_fields\" value=\"[]\" \/>\n<input type=\"hidden\" name=\"_wpcf7cf_hidden_groups\" value=\"[]\" \/>\n<input type=\"hidden\" name=\"_wpcf7cf_visible_groups\" value=\"[]\" \/>\n<input type=\"hidden\" name=\"_wpcf7cf_repeaters\" value=\"[]\" \/>\n<input type=\"hidden\" name=\"_wpcf7cf_steps\" value=\"{}\" \/>\n<input type=\"hidden\" name=\"_wpcf7cf_options\" value=\"{&quot;form_id&quot;:10601,&quot;conditions&quot;:[],&quot;settings&quot;:{&quot;animation&quot;:&quot;yes&quot;,&quot;animation_intime&quot;:200,&quot;animation_outtime&quot;:200,&quot;conditions_ui&quot;:&quot;normal&quot;,&quot;notice_dismissed&quot;:false,&quot;notice_dismissed_update-cf7-6.1.4&quot;:true}}\" \/>\n<\/div>\n<p><span class=\"wpcf7-form-control-wrap Nombre-Apellido\"><input type=\"text\" name=\"Nombre-Apellido\" value=\"\" size=\"40\" class=\"wpcf7-form-control wpcf7-text wpcf7-validates-as-required\" id=\"nombre\" aria-required=\"true\" aria-invalid=\"false\" placeholder=\"Nombre y Apellido del solicitante\" \/><\/span><\/p>\n<p><span class=\"wpcf7-form-control-wrap DNI-CUIT\"><input type=\"text\" name=\"DNI-CUIT\" value=\"\" size=\"40\" class=\"wpcf7-form-control wpcf7-text wpcf7-validates-as-required\" aria-required=\"true\" aria-invalid=\"false\" placeholder=\"DNI\/CUIT\" \/><\/span>    <span class=\"wpcf7-form-control-wrap telefono\"><input type=\"text\" name=\"telefono\" value=\"\" size=\"40\" class=\"wpcf7-form-control wpcf7-text wpcf7-validates-as-required\" aria-required=\"true\" aria-invalid=\"false\" placeholder=\"Tel\u00e9fono\" \/><\/span><\/p>\n<p><span class=\"wpcf7-form-control-wrap email\"><input type=\"email\" name=\"email\" value=\"\" size=\"40\" class=\"wpcf7-form-control wpcf7-text wpcf7-email wpcf7-validates-as-required wpcf7-validates-as-email\" aria-required=\"true\" aria-invalid=\"false\" placeholder=\"Email\" \/><\/span>         <span class=\"wpcf7-form-control-wrap Direccion\"><input type=\"text\" name=\"Direccion\" value=\"\" size=\"40\" class=\"wpcf7-form-control wpcf7-text wpcf7-validates-as-required\" aria-required=\"true\" aria-invalid=\"false\" placeholder=\"Direcci\u00f3n\" \/><\/span><\/p>\n<p><span class=\"wpcf7-form-control-wrap Localidad\"><input type=\"text\" name=\"Localidad\" value=\"\" size=\"40\" class=\"wpcf7-form-control wpcf7-text wpcf7-validates-as-required\" aria-required=\"true\" aria-invalid=\"false\" placeholder=\"Localidad\" \/><\/span>    <span class=\"wpcf7-form-control-wrap Partido\"><input type=\"text\" name=\"Partido\" value=\"\" size=\"40\" class=\"wpcf7-form-control wpcf7-text wpcf7-validates-as-required\" aria-required=\"true\" aria-invalid=\"false\" placeholder=\"Partido\" \/><\/span><\/p>\n<p><span class=\"wpcf7-form-control-wrap Tipodetrabajoarealizar\"><input type=\"text\" name=\"Tipodetrabajoarealizar\" value=\"\" size=\"40\" class=\"wpcf7-form-control wpcf7-text wpcf7-validates-as-required\" aria-required=\"true\" aria-invalid=\"false\" placeholder=\"Tipo de trabajo a realizar\" \/><\/span> Fecha prevista de inicio<span class=\"wpcf7-form-control-wrap Fechaestimadadelostrabajosarealizar\"><input type=\"date\" name=\"Fechaestimadadelostrabajosarealizar\" value=\"\" class=\"wpcf7-form-control wpcf7-date wpcf7-validates-as-required wpcf7-validates-as-date\" aria-required=\"true\" aria-invalid=\"false\" \/><\/span><\/p>\n<p><span class=\"wpcf7-form-control-wrap Duracionestimadadelaobra\"><input type=\"text\" name=\"Duracionestimadadelaobra\" value=\"\" size=\"40\" class=\"wpcf7-form-control wpcf7-text wpcf7-validates-as-required\" aria-required=\"true\" aria-invalid=\"false\" placeholder=\"Duraci\u00f3n estimada de la obra\" \/><\/span>    <span class=\"wpcf7-form-control-wrap Responsabledeobra\"><input type=\"text\" name=\"Responsabledeobra\" value=\"\" size=\"40\" class=\"wpcf7-form-control wpcf7-text wpcf7-validates-as-required\" aria-required=\"true\" aria-invalid=\"false\" placeholder=\"Responsable de la obra a ejecutar\" \/><\/span> <\/p>\n<p><span class=\"wpcf7-form-control-wrap plano\"><input type=\"file\" name=\"plano\" size=\"40\" class=\"wpcf7-form-control wpcf7-file wpcf7-validates-as-required\" accept=\".jpg,.jpeg,.png,.gif,.pdf,.doc,.docx,.ppt,.pptx,.odt,.avi,.ogg,.m4a,.mov,.mp3,.mp4,.mpg,.wav,.wmv\" aria-required=\"true\" aria-invalid=\"false\" \/><\/span><\/p>\n<p><span class=\"wpcf7-form-control-wrap Comentarios\"><textarea name=\"Comentarios\" cols=\"40\" rows=\"10\" class=\"wpcf7-form-control wpcf7-textarea\" aria-invalid=\"false\" placeholder=\"Comentarios\"><\/textarea><\/span><\/p>\n<p><input type=\"submit\" value=\"Enviar\" class=\"wpcf7-form-control wpcf7-submit\" \/><\/p>\n<input type='hidden' class='wpcf7-pum' value='{\"closepopup\":false,\"closedelay\":0,\"openpopup\":false,\"openpopup_id\":0}' \/><div class=\"wpcf7-response-output wpcf7-display-none\"><\/div><\/form><\/div><\/div>\r<!-- rt-cf7 -->\r[\/vc_column][vc_column][\/vc_column][\/vc_row][vc_row full_width=&#8221;stretch_row&#8221; css=&#8221;.vc_custom_1643903951406{padding-top: 30px !important;padding-bottom: 30px !important;background-color: #679dd9 !important;}&#8221;][vc_column][vc_custom_heading text=&#8221;Aqu\u00ed podr\u00e1s descargar la<br \/>\nGU\u00cdA PARA TRABAJOS EN PROXIMIDAD DE TUBER\u00cdAS CONDUCTORAS DE GAS.&#8221; font_container=&#8221;tag:h2|font_size:35|text_align:center|color:%23ffffff&#8221; google_fonts=&#8221;font_family:Fira%20Sans%3A300%2C300italic%2C400%2C400italic%2C500%2C500italic%2C700%2C700italic|font_style:300%20light%20regular%3A300%3Anormal&#8221;][vc_custom_heading text=&#8221;Resoluci\u00f3n Enargas I\/2135&#8243; font_container=&#8221;tag:h2|text_align:center|color:%23ffffff&#8221; google_fonts=&#8221;font_family:Fira%20Sans%3A300%2C300italic%2C400%2C400italic%2C500%2C500italic%2C700%2C700italic|font_style:300%20light%20italic%3A300%3Aitalic&#8221; css=&#8221;.vc_custom_1643904404043{padding-top: -10px !important;}&#8221;][vc_btn title=&#8221;Descargar&#8221; style=&#8221;flat&#8221; shape=&#8221;square&#8221; color=&#8221;primary&#8221; size=&#8221;lg&#8221; align=&#8221;center&#8221; css_animation=&#8221;fadeIn&#8221; link=&#8221;url:http%3A%2F%2Fwww.bagsa.com.ar%2Fpublic_html%2Fpdfweb%2FGUIA%2520PARA%2520TRABAJOS%2520EN%2520PROXIMIDAD%2520DE%2520TUBERIAS%2520CONDUCTORAS%2520DE%2520GAS_ENARGAS.pdf|title:Prevencion%20de%20da%C3%B1os|target:%20_blank|&#8221;][\/vc_column][\/vc_row][vc_row full_width=&#8221;stretch_row&#8221; css=&#8221;.vc_custom_1643903951406{padding-top: 30px !important;padding-bottom: 30px !important;background-color: #679dd9 !important;}&#8221;][vc_column css=&#8221;.vc_custom_1643904834101{background-color: #ffffff !important;}&#8221;][vc_single_image image=&#8221;10599&#8243; img_size=&#8221;large&#8221;][vc_custom_heading text=&#8221;Ante cualquier duda comunicate con<br \/>\nnosotros antes de excavar!&#8221; font_container=&#8221;tag:h2|font_size:35|text_align:center|color:%231e73be&#8221; google_fonts=&#8221;font_family:Fira%20Sans%3A300%2C300italic%2C400%2C400italic%2C500%2C500italic%2C700%2C700italic|font_style:300%20light%20regular%3A300%3Anormal&#8221;][vc_custom_heading text=&#8221;ppdbagsa@bagsa.com.ar&#8221; font_container=&#8221;tag:h2|text_align:center|color:%231e73be&#8221; google_fonts=&#8221;font_family:Fira%20Sans%3A300%2C300italic%2C400%2C400italic%2C500%2C500italic%2C700%2C700italic|font_style:500%20bold%20regular%3A500%3Anormal&#8221; css=&#8221;.vc_custom_1643905429293{padding-top: -10px !important;}&#8221;][vc_single_image image=&#8221;10598&#8243; img_size=&#8221;full&#8221; alignment=&#8221;right&#8221;][\/vc_column][\/vc_row][vc_row full_width=&#8221;stretch_row&#8221; content_placement=&#8221;middle&#8221; css=&#8221;.vc_custom_1557861016161{padding-top: 0px !important;padding-bottom: 40px !important;background-color: #f2f2f2 !important;}&#8221;][vc_column width=&#8221;1\/2&#8243; css=&#8221;.vc_custom_1569517409554{padding-top: 20px !important;padding-right: 20px !important;padding-bottom: 20px !important;padding-left: 40px !important;}&#8221;][\/vc_column][vc_column width=&#8221;1\/2&#8243; css=&#8221;.vc_custom_1569517424555{padding-top: 20px !important;padding-right: 40px !important;padding-bottom: 20px !important;padding-left: 20px !important;}&#8221;][\/vc_column][\/vc_row][vc_row full_width=&#8221;stretch_row&#8221; content_placement=&#8221;middle&#8221; css=&#8221;.vc_custom_1569580361585{padding-top: 0px !important;padding-bottom: 0px !important;background-color: #f2f2f2 !important;}&#8221;][vc_column width=&#8221;1\/3&#8243;][\/vc_column][vc_column width=&#8221;1\/3&#8243;][\/vc_column][vc_column width=&#8221;1\/3&#8243;][\/vc_column][\/vc_row]<\/p>\n","protected":false},"excerpt":{"rendered":"<p>[vc_row full_width=&#8221;stretch_row&#8221; css=&#8221;.vc_custom_1643900856169{padding-top: 30px !important;padding-bottom: 30px !important;background-color: #b3b3b3 !important;}&#8221;][vc_column width=&#8221;1\/2&#8243;][vc_single_image image=&#8221;8954&#8243; img_size=&#8221;medium&#8221; css=&#8221;.vc_custom_1643901501780{padding-top: 50px !important;}&#8221;][vc_custom_heading text=&#8221;Plan de Prevenci\u00f3n de Da\u00f1os&#8221; font_container=&#8221;tag:h2|text_align:right|color:%236f6f6e&#8221; google_fonts=&#8221;font_family:Fira%20Sans%3A300%2C300italic%2C400%2C400italic%2C500%2C500italic%2C700%2C700italic|font_style:400%20regular%3A400%3Anormal&#8221;][vc_single_image image=&#8221;8954&#8243; img_size=&#8221;medium&#8221; alignment=&#8221;right&#8221;][\/vc_column][vc_column width=&#8221;1\/3&#8243;][vc_single_image image=&#8221;10591&#8243; img_size=&#8221;medium&#8221; alignment=&#8221;center&#8221;][\/vc_column][vc_column][\/vc_column][\/vc_row][vc_row][vc_column width=&#8221;5\/6&#8243;][vc_column_text] PLAN DE PREVENCI\u00d3N DE DA\u00d1OS EN LA V\u00cdA P\u00daBLICA BAGSA S.A. realiza una serie de acciones destinadas a comunicar a empresas o entes, usuarios y [&hellip;]<\/p>\n","protected":false},"author":1,"featured_media":0,"parent":0,"menu_order":0,"comment_status":"closed","ping_status":"closed","template":"","meta":{"footnotes":""},"_links":{"self":[{"href":"https:\/\/www.bagsa.com.ar\/public_html\/wp-json\/wp\/v2\/pages\/10584"}],"collection":[{"href":"https:\/\/www.bagsa.com.ar\/public_html\/wp-json\/wp\/v2\/pages"}],"about":[{"href":"https:\/\/www.bagsa.com.ar\/public_html\/wp-json\/wp\/v2\/types\/page"}],"author":[{"embeddable":true,"href":"https:\/\/www.bagsa.com.ar\/public_html\/wp-json\/wp\/v2\/users\/1"}],"replies":[{"embeddable":true,"href":"https:\/\/www.bagsa.com.ar\/public_html\/wp-json\/wp\/v2\/comments?post=10584"}],"version-history":[{"count":21,"href":"https:\/\/www.bagsa.com.ar\/public_html\/wp-json\/wp\/v2\/pages\/10584\/revisions"}],"predecessor-version":[{"id":10647,"href":"https:\/\/www.bagsa.com.ar\/public_html\/wp-json\/wp\/v2\/pages\/10584\/revisions\/10647"}],"wp:attachment":[{"href":"https:\/\/www.bagsa.com.ar\/public_html\/wp-json\/wp\/v2\/media?parent=10584"}],"curies":[{"name":"wp","href":"https:\/\/api.w.org\/{rel}","templated":true}]}}