{"id":9857,"date":"2019-09-25T22:37:58","date_gmt":"2019-09-26T01:37:58","guid":{"rendered":"http:\/\/c1521065.ferozo.com\/?page_id=9857"},"modified":"2024-09-11T14:52:39","modified_gmt":"2024-09-11T17:52:39","slug":"medios-de-pago","status":"publish","type":"page","link":"http:\/\/www.bagsa.com.ar\/public_html\/medios-de-pago\/","title":{"rendered":"Medios de Pago"},"content":{"rendered":"<p>[vc_row full_width=&#8221;stretch_row&#8221; css=&#8221;.vc_custom_1569508279136{padding-top: 20px !important;padding-bottom: 20px !important;background-color: #d4e9f9 !important;}&#8221; el_id=&#8221;medios-de-pago&#8221;][vc_column width=&#8221;1\/2&#8243;][vc_custom_heading text=&#8221;MEDIOS&#8221; font_container=&#8221;tag:h2|text_align:left|color:%233168b0&#8243; google_fonts=&#8221;font_family:Roboto%20Slab%3A100%2C300%2Cregular%2C700|font_style:400%20regular%3A400%3Anormal&#8221; css=&#8221;.vc_custom_1569500379775{padding-top: 20px !important;padding-bottom: 0px !important;}&#8221;][vc_custom_heading text=&#8221;DE PAGO&#8221; font_container=&#8221;tag:h2|text_align:left|color:%233168b0&#8243; google_fonts=&#8221;font_family:Roboto%20Slab%3A100%2C300%2Cregular%2C700|font_style:700%20bold%20regular%3A700%3Anormal&#8221; css=&#8221;.vc_custom_1569500405033{padding-top: 10px !important;padding-bottom: 20px !important;}&#8221;][vc_single_image image=&#8221;8714&#8243; img_size=&#8221;medium&#8221;][vc_column_text]<\/p>\n<h4 style=\"color: #3168b0; font-weight: 400; font-size: 20px; line-height: 30px;\">Conoc\u00e9 los medios de pago habilitados para pagar tu factura.<\/h4>\n<p>[\/vc_column_text][\/vc_column][vc_column width=&#8221;1\/2&#8243;][vc_single_image image=&#8221;10300&#8243; img_size=&#8221;medium&#8221; alignment=&#8221;center&#8221;][\/vc_column][\/vc_row][vc_row full_width=&#8221;stretch_row&#8221; css_animation=&#8221;fadeInUp&#8221; css=&#8221;.vc_custom_1569509179950{margin-top: 0px !important;padding-top: 80px !important;padding-bottom: 60px !important;background-color: #fafafa !important;}&#8221; el_id=&#8221;medios-habilitados&#8221;][vc_column css=&#8221;.vc_custom_1570115331119{padding-top: 0px !important;padding-bottom: 0px !important;}&#8221; el_class=&#8221;logos-medios&#8221;]<div class=\"clients element-three \"  data-row-items=\"5\"><!-- clients-item --><div class=\"clients-item\"><div class=\"holder matchHeight\"><div class=\"table\"><div class=\"table-cell\"><div class=\"pic\"><img loading=\"lazy\" decoding=\"async\" width=\"200\" height=\"200\" src=\"http:\/\/www.bagsa.com.ar\/public_html\/wp-content\/uploads\/2017\/11\/mp-rapipago.png\" class=\"attachment-post-thumbnail size-post-thumbnail wp-post-image\" alt=\"\" srcset=\"http:\/\/www.bagsa.com.ar\/public_html\/wp-content\/uploads\/2017\/11\/mp-rapipago.png 200w, http:\/\/www.bagsa.com.ar\/public_html\/wp-content\/uploads\/2017\/11\/mp-rapipago-150x150.png 150w, http:\/\/www.bagsa.com.ar\/public_html\/wp-content\/uploads\/2017\/11\/mp-rapipago-100x100.png 100w\" sizes=\"(max-width: 200px) 100vw, 200px\" \/><\/div><\/div><\/div><\/div><\/div><!-- clients-item --><!-- clients-item --><div class=\"clients-item\"><div class=\"holder matchHeight\"><div class=\"table\"><div class=\"table-cell\"><div class=\"pic\"><img loading=\"lazy\" decoding=\"async\" width=\"200\" height=\"200\" src=\"http:\/\/www.bagsa.com.ar\/public_html\/wp-content\/uploads\/2017\/11\/mp-pagofacil.png\" class=\"attachment-post-thumbnail size-post-thumbnail wp-post-image\" alt=\"\" srcset=\"http:\/\/www.bagsa.com.ar\/public_html\/wp-content\/uploads\/2017\/11\/mp-pagofacil.png 200w, http:\/\/www.bagsa.com.ar\/public_html\/wp-content\/uploads\/2017\/11\/mp-pagofacil-150x150.png 150w, http:\/\/www.bagsa.com.ar\/public_html\/wp-content\/uploads\/2017\/11\/mp-pagofacil-100x100.png 100w\" sizes=\"(max-width: 200px) 100vw, 200px\" \/><\/div><\/div><\/div><\/div><\/div><!-- clients-item --><!-- clients-item --><div class=\"clients-item\"><div class=\"holder matchHeight\"><div class=\"table\"><div class=\"table-cell\"><div class=\"pic\"><img loading=\"lazy\" decoding=\"async\" width=\"82\" height=\"83\" src=\"http:\/\/www.bagsa.com.ar\/public_html\/wp-content\/uploads\/2019\/05\/LINK-PAGOS-.png\" class=\"attachment-post-thumbnail size-post-thumbnail wp-post-image\" alt=\"\" \/><\/div><\/div><\/div><\/div><\/div><!-- clients-item --><!-- clients-item --><div class=\"clients-item\"><div class=\"holder matchHeight\"><div class=\"table\"><div class=\"table-cell\"><div class=\"pic\"><img loading=\"lazy\" decoding=\"async\" width=\"200\" height=\"200\" src=\"http:\/\/www.bagsa.com.ar\/public_html\/wp-content\/uploads\/2019\/05\/mp-pagomiscuentas.png\" class=\"attachment-post-thumbnail size-post-thumbnail wp-post-image\" alt=\"\" srcset=\"http:\/\/www.bagsa.com.ar\/public_html\/wp-content\/uploads\/2019\/05\/mp-pagomiscuentas.png 200w, http:\/\/www.bagsa.com.ar\/public_html\/wp-content\/uploads\/2019\/05\/mp-pagomiscuentas-150x150.png 150w, http:\/\/www.bagsa.com.ar\/public_html\/wp-content\/uploads\/2019\/05\/mp-pagomiscuentas-100x100.png 100w\" sizes=\"(max-width: 200px) 100vw, 200px\" \/><\/div><\/div><\/div><\/div><\/div><!-- clients-item --><!-- clients-item --><div class=\"clients-item\"><div class=\"holder matchHeight\"><div class=\"table\"><div class=\"table-cell\"><div class=\"pic\"><img loading=\"lazy\" decoding=\"async\" width=\"200\" height=\"200\" src=\"http:\/\/www.bagsa.com.ar\/public_html\/wp-content\/uploads\/2019\/05\/mp-ripsa.png\" class=\"attachment-post-thumbnail size-post-thumbnail wp-post-image\" alt=\"\" srcset=\"http:\/\/www.bagsa.com.ar\/public_html\/wp-content\/uploads\/2019\/05\/mp-ripsa.png 200w, http:\/\/www.bagsa.com.ar\/public_html\/wp-content\/uploads\/2019\/05\/mp-ripsa-150x150.png 150w, http:\/\/www.bagsa.com.ar\/public_html\/wp-content\/uploads\/2019\/05\/mp-ripsa-100x100.png 100w\" sizes=\"(max-width: 200px) 100vw, 200px\" \/><\/div><\/div><\/div><\/div><\/div><!-- clients-item --><!-- clients-item --><div class=\"clients-item\"><div class=\"holder matchHeight\"><div class=\"table\"><div class=\"table-cell\"><div class=\"pic\"><img loading=\"lazy\" decoding=\"async\" width=\"200\" height=\"200\" src=\"http:\/\/www.bagsa.com.ar\/public_html\/wp-content\/uploads\/2019\/05\/mp-pronto-pago.png\" class=\"attachment-post-thumbnail size-post-thumbnail wp-post-image\" alt=\"\" srcset=\"http:\/\/www.bagsa.com.ar\/public_html\/wp-content\/uploads\/2019\/05\/mp-pronto-pago.png 200w, http:\/\/www.bagsa.com.ar\/public_html\/wp-content\/uploads\/2019\/05\/mp-pronto-pago-150x150.png 150w, http:\/\/www.bagsa.com.ar\/public_html\/wp-content\/uploads\/2019\/05\/mp-pronto-pago-100x100.png 100w\" sizes=\"(max-width: 200px) 100vw, 200px\" \/><\/div><\/div><\/div><\/div><\/div><!-- clients-item --><!-- clients-item --><div class=\"clients-item\"><div class=\"holder matchHeight\"><div class=\"table\"><div class=\"table-cell\"><div class=\"pic\"><img loading=\"lazy\" decoding=\"async\" width=\"199\" height=\"90\" src=\"http:\/\/www.bagsa.com.ar\/public_html\/wp-content\/uploads\/2022\/10\/CAMARA-DE-COM-CASBAS.png\" class=\"attachment-post-thumbnail size-post-thumbnail wp-post-image\" alt=\"\" \/><\/div><\/div><\/div><\/div><\/div><!-- clients-item --><!-- clients-item --><div class=\"clients-item\"><div class=\"holder matchHeight\"><div class=\"table\"><div class=\"table-cell\"><div class=\"pic\"><img loading=\"lazy\" decoding=\"async\" width=\"199\" height=\"90\" src=\"http:\/\/www.bagsa.com.ar\/public_html\/wp-content\/uploads\/2022\/10\/PROVINCIA-NET-PAGOS.png\" class=\"attachment-post-thumbnail size-post-thumbnail wp-post-image\" alt=\"\" \/><\/div><\/div><\/div><\/div><\/div><!-- clients-item --><!-- clients-item --><div class=\"clients-item no-image\"><div class=\"holder matchHeight\"><div class=\"table\"><div class=\"table-cell\"><div class=\"pic\"><\/div><\/div><\/div><\/div><\/div><!-- clients-item --><\/div>[\/vc_column][\/vc_row][vc_row full_width=&#8221;stretch_row&#8221; css=&#8221;.vc_custom_1569509298077{padding-top: 40px !important;padding-bottom: 40px !important;background-color: #e6f0f1 !important;}&#8221; el_id=&#8221;pagar-con-credito&#8221;][vc_column][vc_column_text]<\/p>\n<h4 style=\"text-align: center; font-weight: 400; color: #005d98; font-family: Roboto Slab;\"><strong>\u00a0Tambi\u00e9n por v\u00eda telef\u00f3nica y pagar con tarjeta de d\u00e9bito o cr\u00e9dito (Visa, Mastercard o American Express)<\/strong><\/h4>\n<p>[\/vc_column_text][vc_row_inner][vc_column_inner width=&#8221;1\/2&#8243;][vc_btn title=&#8221;0800-122-5888&#8243; style=&#8221;custom&#8221; custom_background=&#8221;#005d98&#8243; custom_text=&#8221;#ffffff&#8221; shape=&#8221;square&#8221; size=&#8221;lg&#8221; align=&#8221;center&#8221; i_icon_fontawesome=&#8221;fa fa-phone&#8221; add_icon=&#8221;true&#8221; el_class=&#8221;tel-0800&#8243;][vc_column_text]<\/p>\n<p style=\"text-align: center;\">LU a VI de 09:00 a 18:00 hs. y SA de 09:00 a 13:00 hs.<\/p>\n<p>[\/vc_column_text][\/vc_column_inner][vc_column_inner width=&#8221;1\/2&#8243;][vc_btn title=&#8221;221-5727434&#8243; style=&#8221;custom&#8221; custom_background=&#8221;#005d98&#8243; custom_text=&#8221;#ffffff&#8221; shape=&#8221;square&#8221; size=&#8221;lg&#8221; align=&#8221;center&#8221; i_icon_fontawesome=&#8221;fa fa-whatsapp&#8221; add_icon=&#8221;true&#8221; el_class=&#8221;tel-0800&#8243;][\/vc_column_inner][\/vc_row_inner][\/vc_column][\/vc_row][vc_row full_width=&#8221;stretch_row&#8221; css=&#8221;.vc_custom_1569461566332{padding-top: 20px !important;padding-bottom: 20px !important;background-color: #a2c7f4 !important;}&#8221; el_id=&#8221;debito-automatico&#8221;][vc_column width=&#8221;2\/3&#8243;][vc_custom_heading text=&#8221;D\u00c9BITO&#8221; font_container=&#8221;tag:h2|text_align:left|color:%23ffffff&#8221; google_fonts=&#8221;font_family:Roboto%20Slab%3A100%2C300%2Cregular%2C700|font_style:400%20regular%3A400%3Anormal&#8221; css=&#8221;.vc_custom_1569504786715{margin-bottom: 0px !important;border-bottom-width: 0px !important;padding-top: 20px !important;padding-bottom: 0px !important;}&#8221;][vc_custom_heading text=&#8221;AUTOM\u00c1TICO&#8221; font_container=&#8221;tag:h2|text_align:left|color:%23ffffff&#8221; google_fonts=&#8221;font_family:Roboto%20Slab%3A100%2C300%2Cregular%2C700|font_style:700%20bold%20regular%3A700%3Anormal&#8221; css=&#8221;.vc_custom_1569504778665{margin-top: 0px !important;margin-bottom: 0px !important;border-top-width: 0px !important;border-bottom-width: 0px !important;padding-top: 10px !important;padding-bottom: 20px !important;}&#8221;][vc_single_image image=&#8221;8711&#8243; img_size=&#8221;medium&#8221;][vc_column_text]<\/p>\n<div class=\"x_elementToProof\"><span style=\"color: #ffffff;\">Ahor\u00e1 pod\u00e9s adherirte al d\u00e9bito autom\u00e1tico con tu tarjeta de d\u00e9bito o cr\u00e9dito Visa sin tener que moverte de tu casa.<\/span><\/div>\n<div class=\"x_elementToProof\"><\/div>\n<div class=\"x_elementToProof\"><span style=\"color: #ffffff;\">Ingres\u00e1 en la oficina virtual, carg\u00e1 tu tarjeta VISA d\u00e9bito o cr\u00e9dito y adherite al d\u00e9bito autom\u00e1tico.<\/span><\/div>\n<div class=\"x_elementToProof\"><\/div>\n<p>[\/vc_column_text][vc_row_inner][vc_column_inner width=&#8221;1\/2&#8243;][vc_btn title=&#8221;OFICINA VIRTUAL BAGSA&#8221; style=&#8221;outline&#8221; shape=&#8221;square&#8221; color=&#8221;white&#8221; size=&#8221;lg&#8221; align=&#8221;center&#8221; button_block=&#8221;true&#8221; link=&#8221;url:https%3A%2F%2Foficinavirtual.bagsa.com.ar%2F||target:%20_blank|&#8221;][\/vc_column_inner][vc_column_inner width=&#8221;1\/2&#8243;][\/vc_column_inner][\/vc_row_inner][\/vc_column][vc_column width=&#8221;1\/3&#8243;][vc_single_image image=&#8221;9886&#8243; img_size=&#8221;medium&#8221; alignment=&#8221;center&#8221;][\/vc_column][\/vc_row]<\/p>\n","protected":false},"excerpt":{"rendered":"","protected":false},"author":1,"featured_media":0,"parent":0,"menu_order":0,"comment_status":"closed","ping_status":"closed","template":"","meta":{"footnotes":""},"_links":{"self":[{"href":"http:\/\/www.bagsa.com.ar\/public_html\/wp-json\/wp\/v2\/pages\/9857"}],"collection":[{"href":"http:\/\/www.bagsa.com.ar\/public_html\/wp-json\/wp\/v2\/pages"}],"about":[{"href":"http:\/\/www.bagsa.com.ar\/public_html\/wp-json\/wp\/v2\/types\/page"}],"author":[{"embeddable":true,"href":"http:\/\/www.bagsa.com.ar\/public_html\/wp-json\/wp\/v2\/users\/1"}],"replies":[{"embeddable":true,"href":"http:\/\/www.bagsa.com.ar\/public_html\/wp-json\/wp\/v2\/comments?post=9857"}],"version-history":[{"count":37,"href":"http:\/\/www.bagsa.com.ar\/public_html\/wp-json\/wp\/v2\/pages\/9857\/revisions"}],"predecessor-version":[{"id":11045,"href":"http:\/\/www.bagsa.com.ar\/public_html\/wp-json\/wp\/v2\/pages\/9857\/revisions\/11045"}],"wp:attachment":[{"href":"http:\/\/www.bagsa.com.ar\/public_html\/wp-json\/wp\/v2\/media?parent=9857"}],"curies":[{"name":"wp","href":"https:\/\/api.w.org\/{rel}","templated":true}]}}