{"id":9753,"date":"2019-09-24T14:15:21","date_gmt":"2019-09-24T17:15:21","guid":{"rendered":"http:\/\/c1521065.ferozo.com\/?page_id=9753"},"modified":"2025-04-24T11:17:10","modified_gmt":"2025-04-24T14:17:10","slug":"codigo-de-etica","status":"publish","type":"page","link":"http:\/\/www.bagsa.com.ar\/public_html\/codigo-de-etica\/","title":{"rendered":"C\u00f3digo de \u00c9tica"},"content":{"rendered":"<p>[vc_row full_width=&#8221;stretch_row&#8221; css=&#8221;.vc_custom_1570204652218{padding-top: 20px !important;padding-bottom: 20px !important;background-color: #ffffff !important;}&#8221;][vc_column][vc_custom_heading text=&#8221;C\u00d3DIGO DE \u00c9TICA&#8221; font_container=&#8221;tag:h2|text_align:center|color:%23005e98&#8243; google_fonts=&#8221;font_family:Fira%20Sans%3A300%2C300italic%2C400%2C400italic%2C500%2C500italic%2C700%2C700italic|font_style:400%20regular%3A400%3Anormal&#8221;][vc_column_text css=&#8221;.vc_custom_1570213721339{margin-top: 20px !important;}&#8221;]<\/p>\n<p style=\"text-align: center; font-size: 18px; line-height: 30px;\">Este C\u00f3digo detalla un conjunto de normas que reflejan los principios y valores establecidos para <strong>Buenos Aires Gas S.A.<\/strong> y que nos gu\u00eda a tomar decisiones correctas cuando nos enfrentamos a circunstancias complejas.<\/p>\n<p>[\/vc_column_text][vc_btn title=&#8221;Descargar archivo&#8221; style=&#8221;outline&#8221; shape=&#8221;square&#8221; color=&#8221;blue&#8221; size=&#8221;lg&#8221; align=&#8221;center&#8221; link=&#8221;url:http%3A%2F%2Fwww.bagsa.com.ar%2Fpublic_html%2Fwp-content%2Fuploads%2F2020%2F06%2Fcodigo-de-etica.pdf||target:%20_blank|&#8221;][\/vc_column][\/vc_row][vc_row full_width=&#8221;stretch_row&#8221; css=&#8221;.vc_custom_1569882370587{padding-top: 30px !important;padding-bottom: 10px !important;background-color: #e6e6e6 !important;}&#8221;][vc_column][vc_column_text css=&#8221;.vc_custom_1570454711504{margin-top: 20px !important;}&#8221;]<\/p>\n<h4 style=\"text-align: center; font-weight: 400; color: #6f6f6e; font-family: Roboto Slab;\">Trabajamos para fortalecer la \u00e9tica y la integridad, a trav\u00e9s de la prevenci\u00f3n, la investigaci\u00f3n y la formulaci\u00f3n de pol\u00edticas de transparencia.<\/h4>\n<p>[\/vc_column_text][\/vc_column][\/vc_row][vc_row full_width=&#8221;stretch_row&#8221; css=&#8221;.vc_custom_1569882438105{padding-top: 0px !important;padding-bottom: 60px !important;background-color: #e6e6e6 !important;}&#8221;][vc_column width=&#8221;1\/3&#8243;][vc_single_image image=&#8221;10140&#8243; img_size=&#8221;full&#8221; alignment=&#8221;center&#8221; onclick=&#8221;custom_link&#8221; img_link_target=&#8221;_blank&#8221; link=&#8221;https:\/\/www.argentina.gob.ar\/denunciar-un-hecho-de-corrupcion&#8221;][\/vc_column][vc_column width=&#8221;1\/3&#8243;][vc_single_image image=&#8221;9765&#8243; img_size=&#8221;full&#8221; alignment=&#8221;center&#8221; onclick=&#8221;custom_link&#8221; img_link_target=&#8221;_blank&#8221; link=&#8221;https:\/\/rud.mjus.gba.gob.ar\/web\/&#8221;][\/vc_column][vc_column width=&#8221;1\/3&#8243;][vc_single_image image=&#8221;10141&#8243; img_size=&#8221;full&#8221; alignment=&#8221;center&#8221; onclick=&#8221;custom_link&#8221; img_link_target=&#8221;_blank&#8221; link=&#8221;https:\/\/www.wlpga.org\/initiatives\/women-in-lpg-2\/&#8221;][\/vc_column][\/vc_row]<\/p>\n","protected":false},"excerpt":{"rendered":"<p>[vc_row full_width=&#8221;stretch_row&#8221; css=&#8221;.vc_custom_1570204652218{padding-top: 20px !important;padding-bottom: 20px !important;background-color: #ffffff !important;}&#8221;][vc_column][vc_custom_heading text=&#8221;C\u00d3DIGO DE \u00c9TICA&#8221; font_container=&#8221;tag:h2|text_align:center|color:%23005e98&#8243; google_fonts=&#8221;font_family:Fira%20Sans%3A300%2C300italic%2C400%2C400italic%2C500%2C500italic%2C700%2C700italic|font_style:400%20regular%3A400%3Anormal&#8221;][vc_column_text css=&#8221;.vc_custom_1570213721339{margin-top: 20px !important;}&#8221;] Este C\u00f3digo detalla un conjunto de normas que reflejan los principios y valores establecidos para Buenos Aires Gas S.A. y que nos gu\u00eda a tomar decisiones correctas cuando nos enfrentamos a circunstancias complejas. [\/vc_column_text][vc_btn title=&#8221;Descargar archivo&#8221; style=&#8221;outline&#8221; shape=&#8221;square&#8221; [&hellip;]<\/p>\n","protected":false},"author":1,"featured_media":0,"parent":0,"menu_order":0,"comment_status":"closed","ping_status":"closed","template":"","meta":{"footnotes":""},"_links":{"self":[{"href":"http:\/\/www.bagsa.com.ar\/public_html\/wp-json\/wp\/v2\/pages\/9753"}],"collection":[{"href":"http:\/\/www.bagsa.com.ar\/public_html\/wp-json\/wp\/v2\/pages"}],"about":[{"href":"http:\/\/www.bagsa.com.ar\/public_html\/wp-json\/wp\/v2\/types\/page"}],"author":[{"embeddable":true,"href":"http:\/\/www.bagsa.com.ar\/public_html\/wp-json\/wp\/v2\/users\/1"}],"replies":[{"embeddable":true,"href":"http:\/\/www.bagsa.com.ar\/public_html\/wp-json\/wp\/v2\/comments?post=9753"}],"version-history":[{"count":35,"href":"http:\/\/www.bagsa.com.ar\/public_html\/wp-json\/wp\/v2\/pages\/9753\/revisions"}],"predecessor-version":[{"id":11182,"href":"http:\/\/www.bagsa.com.ar\/public_html\/wp-json\/wp\/v2\/pages\/9753\/revisions\/11182"}],"wp:attachment":[{"href":"http:\/\/www.bagsa.com.ar\/public_html\/wp-json\/wp\/v2\/media?parent=9753"}],"curies":[{"name":"wp","href":"https:\/\/api.w.org\/{rel}","templated":true}]}}