{"id":9200,"date":"2019-05-28T18:20:07","date_gmt":"2019-05-28T21:20:07","guid":{"rendered":"http:\/\/c1521065.ferozo.com\/?page_id=9200"},"modified":"2019-10-29T11:55:46","modified_gmt":"2019-10-29T14:55:46","slug":"normativas","status":"publish","type":"page","link":"http:\/\/www.bagsa.com.ar\/public_html\/normativas\/","title":{"rendered":"Normativas"},"content":{"rendered":"<p>[vc_row full_width=&#8221;stretch_row&#8221; css=&#8221;.vc_custom_1561560321025{padding-top: 30px !important;padding-bottom: 30px !important;background-color: #669ec2 !important;}&#8221;][vc_column width=&#8221;1\/2&#8243;][vc_custom_heading text=&#8221;NORMATIVAS&#8221; font_container=&#8221;tag:h2|text_align:left|color:%23ffffff&#8221; google_fonts=&#8221;font_family:Roboto%20Slab%3A100%2C300%2Cregular%2C700|font_style:700%20bold%20regular%3A700%3Anormal&#8221; css=&#8221;.vc_custom_1569428318894{padding-top: 80px !important;padding-bottom: 20px !important;}&#8221;][vc_single_image image=&#8221;8711&#8243; img_size=&#8221;medium&#8221;][\/vc_column][vc_column width=&#8221;1\/2&#8243;][vc_single_image image=&#8221;9824&#8243; img_size=&#8221;medium&#8221; alignment=&#8221;center&#8221;][\/vc_column][\/vc_row][vc_row css=&#8221;.vc_custom_1569430588869{margin-top: 60px !important;margin-bottom: 60px !important;padding-top: 20px !important;padding-right: 20px !important;padding-bottom: 20px !important;padding-left: 20px !important;background-color: #f2f2f2 !important;}&#8221; el_id=&#8221;reglamento-de-servicios&#8221;][vc_column][vc_custom_heading text=&#8221;REGLAMENTO DE SERVICIOS&#8221; font_container=&#8221;tag:h3|text_align:left|color:%23005d99&#8243; google_fonts=&#8221;font_family:Roboto%20Slab%3A100%2C300%2Cregular%2C700|font_style:400%20regular%3A400%3Anormal&#8221; css=&#8221;.vc_custom_1569938491203{margin-top: 0px !important;margin-bottom: 30px !important;}&#8221;][vc_column_text]<\/p>\n<p style=\"font-size: 16px; line-height: 26px;\">Reglamento de servicios de distribuci\u00f3n.<br \/>\nCondiciones generales.[\/vc_column_text][vc_btn title=&#8221;Ver Reglamento&#8221; style=&#8221;flat&#8221; shape=&#8221;square&#8221; color=&#8221;blue&#8221; size=&#8221;lg&#8221; align=&#8221;left&#8221; link=&#8221;url:http%3A%2F%2Fwww.bagsa.com.ar%2Fpublic_html%2Fwp-content%2Fuploads%2F2019%2F09%2Freglamento_de_serv.pdf||target:%20_blank|&#8221; css=&#8221;.vc_custom_1572031145449{margin-top: 20px !important;}&#8221;][\/vc_column][\/vc_row][vc_row css=&#8221;.vc_custom_1569591832342{margin-top: 60px !important;margin-bottom: 60px !important;padding-top: 20px !important;padding-right: 20px !important;padding-bottom: 20px !important;padding-left: 20px !important;background-color: #f2f2f2 !important;}&#8221; el_id=&#8221;redes-distribuicion&#8221;][vc_column][vc_custom_heading text=&#8221;REDES DE DISTRIBUCI\u00d3N, L\u00cdNEAS DE TRANSMISI\u00d3N<br \/>\nE INSTALACIONES COMPLEMENTARIAS&#8221; font_container=&#8221;tag:h3|text_align:left|color:%23005d99&#8243; google_fonts=&#8221;font_family:Roboto%20Slab%3A100%2C300%2Cregular%2C700|font_style:400%20regular%3A400%3Anormal&#8221; css=&#8221;.vc_custom_1569938520670{margin-top: 0px !important;margin-bottom: 30px !important;}&#8221;][vc_column_text]<\/p>\n<p style=\"font-size: 16px; line-height: 26px;\">NAG-100<br \/>\nNormas Argentinas m\u00ednimas de seguridad para el transporte y distribuci\u00f3n de gas natural y otros gases por ca\u00f1er\u00edas. (GN-GL)[\/vc_column_text][vc_btn title=&#8221;Ver Normativa&#8221; style=&#8221;flat&#8221; shape=&#8221;square&#8221; color=&#8221;blue&#8221; size=&#8221;lg&#8221; align=&#8221;left&#8221; link=&#8221;url:https%3A%2F%2Fwww.enargas.gob.ar%2Fsecciones%2Fnormativa%2Fnormas-tecnicas-items.php%3Fgrupo%3D1||target:%20_blank|&#8221; css=&#8221;.vc_custom_1569430295179{margin-top: 20px !important;}&#8221;][\/vc_column][\/vc_row][vc_row css=&#8221;.vc_custom_1569430610865{margin-top: 60px !important;margin-bottom: 60px !important;padding-top: 20px !important;padding-right: 20px !important;padding-bottom: 20px !important;padding-left: 20px !important;background-color: #f2f2f2 !important;}&#8221; el_id=&#8221;marco-regulatorio&#8221;][vc_column][vc_custom_heading text=&#8221;MARCO REGULATORIO&#8221; font_container=&#8221;tag:h3|text_align:left|color:%23005d99&#8243; google_fonts=&#8221;font_family:Roboto%20Slab%3A100%2C300%2Cregular%2C700|font_style:400%20regular%3A400%3Anormal&#8221; css=&#8221;.vc_custom_1569938527843{margin-top: 0px !important;margin-bottom: 30px !important;}&#8221;][vc_column_text]<\/p>\n<p style=\"font-size: 16px; line-height: 26px;\">Promulgaci\u00f3n de la ley &#8211; Reglamentaci\u00f3n<br \/>\nReglas b\u00e1sicas[\/vc_column_text][vc_btn title=&#8221;Ver Resoluciones&#8221; style=&#8221;flat&#8221; shape=&#8221;square&#8221; color=&#8221;blue&#8221; size=&#8221;lg&#8221; align=&#8221;left&#8221; link=&#8221;url:https%3A%2F%2Fwww.enargas.gob.ar%2Fsecciones%2Fnormativa%2Fmarco-regulatorio.php||target:%20_blank|&#8221; css=&#8221;.vc_custom_1569430367582{margin-top: 20px !important;}&#8221;][\/vc_column][\/vc_row][vc_row css=&#8221;.vc_custom_1569430624086{margin-top: 60px !important;margin-bottom: 60px !important;padding-top: 20px !important;padding-right: 20px !important;padding-bottom: 20px !important;padding-left: 20px !important;background-color: #f2f2f2 !important;}&#8221; el_id=&#8221;instalaciones-internas&#8221;][vc_column][vc_custom_heading text=&#8221;INSTALACIONES INTERNAS&#8221; font_container=&#8221;tag:h3|text_align:left|color:%23005d99&#8243; google_fonts=&#8221;font_family:Roboto%20Slab%3A100%2C300%2Cregular%2C700|font_style:400%20regular%3A400%3Anormal&#8221; css=&#8221;.vc_custom_1569938533658{margin-top: 0px !important;margin-bottom: 30px !important;}&#8221;][vc_column_text]<\/p>\n<p style=\"font-size: 16px; line-height: 26px;\">NAG-200<br \/>\nDisposiciones y normas m\u00ednimas para la ejecuci\u00f3n de instalaciones domiciliarias de gas. (GN-GL)[\/vc_column_text][vc_row_inner][vc_column_inner width=&#8221;1\/2&#8243;][vc_btn title=&#8221;Ver Normativa&#8221; style=&#8221;flat&#8221; shape=&#8221;square&#8221; color=&#8221;blue&#8221; size=&#8221;lg&#8221; align=&#8221;left&#8221; link=&#8221;url:https%3A%2F%2Fwww.enargas.gob.ar%2Fsecciones%2Fnormativa%2Fnormas-tecnicas-items.php%3Fgrupo%3D2||target:%20_blank|&#8221; css=&#8221;.vc_custom_1569430435186{margin-top: 20px !important;}&#8221;][\/vc_column_inner][\/vc_row_inner][\/vc_column][\/vc_row][vc_row css=&#8221;.vc_custom_1569430636272{margin-top: 60px !important;margin-bottom: 60px !important;padding-top: 20px !important;padding-right: 20px !important;padding-bottom: 20px !important;padding-left: 20px !important;background-color: #f2f2f2 !important;}&#8221; el_id=&#8221;artefactos&#8221;][vc_column][vc_custom_heading text=&#8221;ARTEFACTOS&#8221; font_container=&#8221;tag:h3|text_align:left|color:%23005d99&#8243; google_fonts=&#8221;font_family:Roboto%20Slab%3A100%2C300%2Cregular%2C700|font_style:400%20regular%3A400%3Anormal&#8221; css=&#8221;.vc_custom_1569938541861{margin-top: 0px !important;margin-bottom: 30px !important;}&#8221;][vc_column_text]<\/p>\n<p style=\"font-size: 16px; line-height: 26px;\">NAG-300<br \/>\nRequisitos m\u00ednimos de seguridad y eficiencia energ\u00e9tica para artefactos de uso dom\u00e9stico que utilizan gas como combustible[\/vc_column_text][vc_btn title=&#8221;Ver Normativa&#8221; style=&#8221;flat&#8221; shape=&#8221;square&#8221; color=&#8221;blue&#8221; size=&#8221;lg&#8221; align=&#8221;left&#8221; link=&#8221;url:https%3A%2F%2Fwww.enargas.gob.ar%2Fsecciones%2Fnormativa%2Fnormas-tecnicas-items.php%3Fgrupo%3D3||target:%20_blank|&#8221; css=&#8221;.vc_custom_1569430562181{margin-top: 20px !important;}&#8221;][\/vc_column][\/vc_row]<\/p>\n","protected":false},"excerpt":{"rendered":"<p>[vc_row full_width=&#8221;stretch_row&#8221; css=&#8221;.vc_custom_1561560321025{padding-top: 30px !important;padding-bottom: 30px !important;background-color: #669ec2 !important;}&#8221;][vc_column width=&#8221;1\/2&#8243;][vc_custom_heading text=&#8221;NORMATIVAS&#8221; font_container=&#8221;tag:h2|text_align:left|color:%23ffffff&#8221; google_fonts=&#8221;font_family:Roboto%20Slab%3A100%2C300%2Cregular%2C700|font_style:700%20bold%20regular%3A700%3Anormal&#8221; css=&#8221;.vc_custom_1569428318894{padding-top: 80px !important;padding-bottom: 20px !important;}&#8221;][vc_single_image image=&#8221;8711&#8243; img_size=&#8221;medium&#8221;][\/vc_column][vc_column width=&#8221;1\/2&#8243;][vc_single_image image=&#8221;9824&#8243; img_size=&#8221;medium&#8221; alignment=&#8221;center&#8221;][\/vc_column][\/vc_row][vc_row css=&#8221;.vc_custom_1569430588869{margin-top: 60px !important;margin-bottom: 60px !important;padding-top: 20px !important;padding-right: 20px !important;padding-bottom: 20px !important;padding-left: 20px !important;background-color: #f2f2f2 !important;}&#8221; el_id=&#8221;reglamento-de-servicios&#8221;][vc_column][vc_custom_heading text=&#8221;REGLAMENTO DE SERVICIOS&#8221; font_container=&#8221;tag:h3|text_align:left|color:%23005d99&#8243; google_fonts=&#8221;font_family:Roboto%20Slab%3A100%2C300%2Cregular%2C700|font_style:400%20regular%3A400%3Anormal&#8221; css=&#8221;.vc_custom_1569938491203{margin-top: 0px !important;margin-bottom: 30px !important;}&#8221;][vc_column_text] Reglamento de servicios de distribuci\u00f3n. [&hellip;]<\/p>\n","protected":false},"author":1,"featured_media":0,"parent":0,"menu_order":0,"comment_status":"closed","ping_status":"closed","template":"","meta":{"footnotes":""},"_links":{"self":[{"href":"http:\/\/www.bagsa.com.ar\/public_html\/wp-json\/wp\/v2\/pages\/9200"}],"collection":[{"href":"http:\/\/www.bagsa.com.ar\/public_html\/wp-json\/wp\/v2\/pages"}],"about":[{"href":"http:\/\/www.bagsa.com.ar\/public_html\/wp-json\/wp\/v2\/types\/page"}],"author":[{"embeddable":true,"href":"http:\/\/www.bagsa.com.ar\/public_html\/wp-json\/wp\/v2\/users\/1"}],"replies":[{"embeddable":true,"href":"http:\/\/www.bagsa.com.ar\/public_html\/wp-json\/wp\/v2\/comments?post=9200"}],"version-history":[{"count":25,"href":"http:\/\/www.bagsa.com.ar\/public_html\/wp-json\/wp\/v2\/pages\/9200\/revisions"}],"predecessor-version":[{"id":10387,"href":"http:\/\/www.bagsa.com.ar\/public_html\/wp-json\/wp\/v2\/pages\/9200\/revisions\/10387"}],"wp:attachment":[{"href":"http:\/\/www.bagsa.com.ar\/public_html\/wp-json\/wp\/v2\/media?parent=9200"}],"curies":[{"name":"wp","href":"https:\/\/api.w.org\/{rel}","templated":true}]}}