{"id":8848,"date":"2019-05-13T20:29:57","date_gmt":"2019-05-13T23:29:57","guid":{"rendered":"http:\/\/c1521065.ferozo.com\/?page_id=8848"},"modified":"2025-12-04T15:11:35","modified_gmt":"2025-12-04T18:11:35","slug":"matriculados","status":"publish","type":"page","link":"http:\/\/www.bagsa.com.ar\/public_html\/matriculados\/","title":{"rendered":"Matriculados"},"content":{"rendered":"<p>[vc_row full_width=&#8221;stretch_row&#8221; css=&#8221;.vc_custom_1751638313499{padding-top: 40px !important;padding-bottom: 40px !important;background-color: #04649b !important;}&#8221; el_id=&#8221;matriculados&#8221;][vc_column][vc_custom_heading text=&#8221;MATRICULADOS&#8221; font_container=&#8221;tag:h2|text_align:left|color:%23ffffff&#8221; google_fonts=&#8221;font_family:Roboto%20Slab%3A100%2C300%2Cregular%2C700|font_style:700%20bold%20regular%3A700%3Anormal&#8221; link=&#8221;url:http%3A%2F%2Fwww.bagsa.com.ar%2Fpublic_html%2Fwp-content%2Fuploads%2F2025%2F07%2FFormularios.zip|||&#8221;][vc_single_image image=&#8221;8711&#8243; img_size=&#8221;medium&#8221;][vc_column_text]<\/p>\n<h4 style=\"color: #fff; font-weight: 400; font-size: 20px; line-height: 30px;\">La atenci\u00f3n a los mismos, se realizar\u00e1 los d\u00edas lunes de 09:00 a 14:00 hs en la oficina con sitio en La Plata calle 48 n 536<\/h4>\n<p>[\/vc_column_text][vc_single_image image=&#8221;8851&#8243; img_size=&#8221;medium&#8221; alignment=&#8221;center&#8221;][vc_single_image image=&#8221;11224&#8243; img_size=&#8221;full&#8221; alignment=&#8221;right&#8221; onclick=&#8221;custom_link&#8221; link=&#8221;https:\/\/oficinamatriculados.bagsa.com.ar\/&#8221;][\/vc_column][\/vc_row][vc_row full_width=&#8221;stretch_row&#8221; css_animation=&#8221;none&#8221; css=&#8221;.vc_custom_1569511236655{margin-top: 0px !important;margin-bottom: 0px !important;padding-top: 40px !important;padding-bottom: 40px !important;background-color: #ffffff !important;}&#8221; el_id=&#8221;porque-un-gasista&#8221;][vc_column css_animation=&#8221;none&#8221; css=&#8221;.vc_custom_1519186346490{margin-left: 0px !important;padding-left: 42px !important;}&#8221;][vc_row_inner css=&#8221;.vc_custom_1569510789327{padding-right: 50px !important;padding-left: 50px !important;background-color: #ffffff !important;}&#8221;][vc_column_inner][vc_custom_heading text=&#8221;\u00bfPOR QU\u00c9 UN&#8221; font_container=&#8221;tag:h2|text_align:center|color:%23005d98&#8243; google_fonts=&#8221;font_family:Roboto%20Slab%3A100%2C300%2Cregular%2C700|font_style:400%20regular%3A400%3Anormal&#8221; css=&#8221;.vc_custom_1569899254092{padding-top: 20px !important;padding-bottom: 0px !important;}&#8221;][vc_custom_heading text=&#8221;GASISTA MATRICULADO?&#8221; font_container=&#8221;tag:h2|text_align:center|color:%23005d98&#8243; google_fonts=&#8221;font_family:Roboto%20Slab%3A100%2C300%2Cregular%2C700|font_style:700%20bold%20regular%3A700%3Anormal&#8221; css=&#8221;.vc_custom_1569899322701{padding-top: 5px !important;padding-bottom: 40px !important;}&#8221;][vc_single_image image=&#8221;8714&#8243; img_size=&#8221;medium&#8221; alignment=&#8221;center&#8221;][vc_column_text css_animation=&#8221;none&#8221; css=&#8221;.vc_custom_1569510725707{margin-top: 18px !important;margin-bottom: 0px !important;border-bottom-width: 1px !important;padding-top: 0px !important;padding-bottom: 44px !important;border-bottom-color: #eeeeee !important;border-bottom-style: none !important;}&#8221;]<\/p>\n<p style=\"text-align: center; font-size: 20px; line-height: 1.5em; font-weight: 400!important;\">El listado de matriculados expuesto constituye la n\u00f3mina de instaladores habilitados al d\u00eda de la fecha. Los instaladores matriculados no son empleados de BAGSA, la elecci\u00f3n del mismo es de su exclusiva responsabilidad, y para su identificaci\u00f3n ellos cuentan con un carnet de instalador matriculado. Le recomendamos pedir m\u00e1s de un presupuesto por los trabajos a realizar.<\/p>\n<p>[\/vc_column_text][\/vc_column_inner][\/vc_row_inner][\/vc_column][\/vc_row][vc_section full_width=&#8221;stretch_row&#8221; css=&#8221;.vc_custom_1557791026426{margin-bottom: 0px !important;padding-top: 0px !important;padding-bottom: 0px !important;}&#8221;][vc_row full_width=&#8221;stretch_row&#8221; css=&#8221;.vc_custom_1569511576699{padding-top: 40px !important;padding-bottom: 40px !important;background-color: #cccccc !important;}&#8221; el_id=&#8221;preguntas-frecuentes&#8221;][vc_column][vc_custom_heading text=&#8221;Preguntas Frecuentes&#8221; font_container=&#8221;tag:h2|text_align:center|color:%23005d98&#8243; google_fonts=&#8221;font_family:Roboto%20Slab%3A100%2C300%2Cregular%2C700|font_style:400%20regular%3A400%3Anormal&#8221; css=&#8221;.vc_custom_1569511644664{padding-top: 20px !important;padding-bottom: 0px !important;}&#8221;][vc_custom_heading text=&#8221;INSTALACIONES INTERNAS&#8221; font_container=&#8221;tag:h2|text_align:center|color:%23005d98&#8243; google_fonts=&#8221;font_family:Roboto%20Slab%3A100%2C300%2Cregular%2C700|font_style:700%20bold%20regular%3A700%3Anormal&#8221; css=&#8221;.vc_custom_1569511706392{padding-top: 10px !important;padding-bottom: 20px !important;}&#8221;][vc_btn title=&#8221;Consulta&#8221; style=&#8221;outline&#8221; shape=&#8221;square&#8221; color=&#8221;blue&#8221; size=&#8221;lg&#8221; align=&#8221;center&#8221; link=&#8221;url:https%3A%2F%2Fwww.enargas.gov.ar%2Fsecciones%2Fseguridad-en-el-hogar%2Fpreguntas-frecuentes.php||target:%20_blank|&#8221; css=&#8221;.vc_custom_1570026472576{padding-top: 30px !important;}&#8221;][\/vc_column][\/vc_row][vc_row full_width=&#8221;stretch_row&#8221; css=&#8221;.vc_custom_1569511828493{padding-top: 40px !important;padding-bottom: 40px !important;background-color: #679eda !important;}&#8221; el_id=&#8221;listado-de-gasistas&#8221;][vc_column width=&#8221;2\/3&#8243;][vc_custom_heading text=&#8221;LISTADO DE GASISTAS&#8221; font_container=&#8221;tag:h2|text_align:left|color:%23ffffff&#8221; google_fonts=&#8221;font_family:Roboto%20Slab%3A100%2C300%2Cregular%2C700|font_style:400%20regular%3A400%3Anormal&#8221; css=&#8221;.vc_custom_1561660577246{padding-top: 20px !important;padding-right: 40px !important;padding-bottom: 20px !important;}&#8221;][vc_single_image image=&#8221;8711&#8243; img_size=&#8221;medium&#8221; css=&#8221;.vc_custom_1561660583435{padding-right: 40px !important;}&#8221;][vc_btn title=&#8221;LISTADO DE MATRICULADOS&#8221; link=&#8221;url:http%3A%2F%2Fwww.bagsa.com.ar%2Fpublic_html%2Fwp-content%2Fuploads%2F2025%2F12%2FMatriculados-1.pdf|title:LISTADO%20DE%20MATRICULADOS|target:%20_blank|&#8221;][\/vc_column][vc_column width=&#8221;1\/3&#8243;][vc_single_image image=&#8221;9944&#8243; alignment=&#8221;center&#8221;][\/vc_column][\/vc_row][\/vc_section][vc_row full_width=&#8221;stretch_row&#8221; content_placement=&#8221;middle&#8221; css=&#8221;.vc_custom_1569518513708{padding-top: 60px !important;padding-bottom: 0px !important;}&#8221; el_id=&#8221;categorias&#8221;][vc_column width=&#8221;1\/4&#8243;][\/vc_column][vc_column width=&#8221;3\/4&#8243;][vc_custom_heading text=&#8221;CATEGOR\u00cdAS&#8221; font_container=&#8221;tag:h2|text_align:left|color:%23005d98&#8243; google_fonts=&#8221;font_family:Roboto%20Slab%3A100%2C300%2Cregular%2C700|font_style:700%20bold%20regular%3A700%3Anormal&#8221; css=&#8221;.vc_custom_1569518373378{padding-top: 20px !important;padding-right: 0px !important;padding-bottom: 20px !important;padding-left: 40px !important;}&#8221;][vc_single_image image=&#8221;8714&#8243; img_size=&#8221;medium&#8221; css=&#8221;.vc_custom_1569516564816{padding-right: 0px !important;}&#8221;][\/vc_column][\/vc_row][vc_row css=&#8221;.vc_custom_1557792344589{padding-top: 15px !important;padding-bottom: 15px !important;}&#8221;][vc_column width=&#8221;1\/4&#8243;][vc_custom_heading text=&#8221;PRIMERA CATEGOR\u00cdA&#8221; font_container=&#8221;tag:h4|font_size:22px|text_align:left|color:%23005d98&#8243; google_fonts=&#8221;font_family:Fira%20Sans%3A300%2C300italic%2C400%2C400italic%2C500%2C500italic%2C700%2C700italic|font_style:500%20bold%20regular%3A500%3Anormal&#8221;][\/vc_column][vc_column width=&#8221;3\/4&#8243;][vc_column_text]Se otorga matr\u00edcula de Primera Categor\u00eda solamente a los egresados de las Universidades Nacionales o reconocidas oficialmente, con el t\u00edtulo de Ingeniero o Arquitecto, a los Maestros Mayores de Obras, como as\u00ed tambi\u00e9n a todos los egresados de Escuelas T\u00e9cnicas u otras oficialmente reconocidas, cuyos estudios comprendan proyectos de instalaciones para circulaci\u00f3n de fluidos. Los poseedores de otros t\u00edtulos t\u00e9cnicos no enumerados precedentemente deber\u00e1n acreditar mediante la presentaci\u00f3n del programa detallado de estudios correspondientes y a juicio de la Distribuidora, la posesi\u00f3n de conocimientos suficientes para la obtenci\u00f3n de dicha matr\u00edcula, con la aclaraci\u00f3n de que, en todos los casos, valdr\u00e1 para t\u00edtulos otorgados con seis o m\u00e1s a\u00f1os de estudios.<br \/>\nLos matr\u00edculas de primera categor\u00eda deber\u00e1n presentar el 3.4 visado por el Colegio T\u00e9cnico de cada distrito.[\/vc_column_text][\/vc_column][\/vc_row][vc_row css=&#8221;.vc_custom_1557792344589{padding-top: 15px !important;padding-bottom: 15px !important;}&#8221;][vc_column width=&#8221;1\/4&#8243;][vc_custom_heading text=&#8221;SEGUNDA CATEGOR\u00cdA&#8221; font_container=&#8221;tag:h4|font_size:22px|text_align:left|color:%23005d98&#8243; google_fonts=&#8221;font_family:Fira%20Sans%3A300%2C300italic%2C400%2C400italic%2C500%2C500italic%2C700%2C700italic|font_style:500%20bold%20regular%3A500%3Anormal&#8221;][\/vc_column][vc_column width=&#8221;3\/4&#8243;][vc_column_text]La matr\u00edcula de segunda categor\u00eda habilitara al poseedor de la misma a efectuar instalaciones domiciliarias dom\u00e9sticas, comerciales, industriales o varias, siempre que las tomas correspondan a artefactos cuyos consumos individuales no excedan a 50.000 Kcla\/h. Podr\u00e1 acceder a la matr\u00edcula de 2\u00b0 Categor\u00eda toda persona que haya cumplido con los planes de estudios aprobados oportunamente por el Consejo Nacional de Educaci\u00f3n T\u00e9cnica, bajo Resoluci\u00f3n N\u00b0 10.430\/93 y\/o debidamente homologados por el respectivo Ministerio de Educaci\u00f3n Provincial o por la Municipalidad del Gobierno de la Ciudad de Buenos Aires.[\/vc_column_text][\/vc_column][\/vc_row][vc_row css=&#8221;.vc_custom_1557792344589{padding-top: 15px !important;padding-bottom: 15px !important;}&#8221;][vc_column width=&#8221;1\/4&#8243;][vc_custom_heading text=&#8221;TERCERA CATEGOR\u00cdA&#8221; font_container=&#8221;tag:h4|font_size:22px|text_align:left|color:%23005d98&#8243; google_fonts=&#8221;font_family:Fira%20Sans%3A300%2C300italic%2C400%2C400italic%2C500%2C500italic%2C700%2C700italic|font_style:500%20bold%20regular%3A500%3Anormal&#8221;][\/vc_column][vc_column width=&#8221;3\/4&#8243;][vc_column_text]La matr\u00edcula de tercera categor\u00eda habilitara a su poseedor a efectuar instalaciones domiciliarias dom\u00e9sticas, en viviendas unifamiliares, cuyo consumo total no exceda de 5 m3\/h. Podr\u00e1 acceder a la matr\u00edcula de 3 \u00b0 Categor\u00eda los T\u00e9cnicos Constructores egresados de Escuelas Oficiales, cuyos estudios comprendan instalaciones de gas.[\/vc_column_text][\/vc_column][\/vc_row][vc_row full_width=&#8221;stretch_row&#8221; css=&#8221;.vc_custom_1569517043942{padding-top: 40px !important;padding-bottom: 40px !important;background-color: #b8d8e8 !important;}&#8221; el_id=&#8221;documentacion&#8221;][vc_column width=&#8221;1\/4&#8243;][vc_single_image image=&#8221;9999&#8243; alignment=&#8221;center&#8221;][\/vc_column][vc_column width=&#8221;3\/4&#8243;][vc_row_inner][vc_column_inner width=&#8221;2\/3&#8243;][vc_custom_heading text=&#8221;DOCUMENTACI\u00d3N&#8221; font_container=&#8221;tag:h2|text_align:center|color:%23005d98&#8243; google_fonts=&#8221;font_family:Roboto%20Slab%3A100%2C300%2Cregular%2C700|font_style:700%20bold%20regular%3A700%3Anormal&#8221; css=&#8221;.vc_custom_1569517219347{padding-top: 20px !important;padding-bottom: 0px !important;}&#8221;][vc_custom_heading text=&#8221;A PRESENTAR&#8221; font_container=&#8221;tag:h2|text_align:center|color:%23679eda&#8221; google_fonts=&#8221;font_family:Roboto%20Slab%3A100%2C300%2Cregular%2C700|font_style:400%20regular%3A400%3Anormal&#8221; css=&#8221;.vc_custom_1569517594754{padding-top: 10px !important;padding-bottom: 20px !important;}&#8221;][vc_single_image image=&#8221;8714&#8243; img_size=&#8221;medium&#8221;][\/vc_column_inner][vc_column_inner width=&#8221;1\/3&#8243;][\/vc_column_inner][\/vc_row_inner][vc_column_text]<\/p>\n<ul style=\"color: #005d98;\">\n<li><span style=\"vertical-align: inherit;\"><span style=\"vertical-align: inherit;\">Fotocopia de D\u00cdAS.<\/span><\/span><\/li>\n<li>Fotocopia de credencial de gasista matriculado.<\/li>\n<li>Certificado de \u201cLibre de Sanciones \u201cexpedido por la Distribuidora de Gas que le extendi\u00f3 la matricula (Original).<\/li>\n<li>Copia de Constancia de pago de matr\u00edcula de instalador al d\u00eda.<\/li>\n<li>En el caso que se ejecute la instalaci\u00f3n interna con ca\u00f1er\u00edas de Termofusi\u00f3n (tipo Sigas, Fusiogas, etc), copia de la credencial correspondiente.<\/li>\n<\/ul>\n<p><span style=\"vertical-align: inherit;\"><span style=\"vertical-align: inherit;\">[\/vc_column_text][\/vc_column][\/vc_row][vc_row full_width=&#8221;stretch_row&#8221; css=&#8221;.vc_custom_1569516683327{padding-top: 40px !important;padding-bottom: 40px !important;background-color: #dddddd !important;}&#8221; el_id=&#8221;formularios&#8221;][vc_column][vc_custom_heading text=&#8221;FORMULARIOS&#8221; font_container=&#8221;tag:h2|text_align:center|color:%23005d98&#8243; google_fonts=&#8221;font_family:Roboto%20Slab%3A100%2C300%2Cregular%2C700|font_style:700%20bold%20regular%3A700%3Anormal&#8221; css=&#8221;.vc_custom_1751659542359{padding-top: 20px !important;padding-bottom: 0px !important;}&#8221; link=&#8221;|||&#8221;][vc_custom_heading text=&#8221;para matriculados&#8221; font_container=&#8221;tag:h2|text_align:center|color:%23005d98&#8243; google_fonts=&#8221;font_family:Roboto%20Slab%3A100%2C300%2Cregular%2C700|font_style:400%20regular%3A400%3Anormal&#8221; css=&#8221;.vc_custom_1569516768356{padding-top: 10px !important;padding-bottom: 20px !important;}&#8221;][vc_btn title=&#8221;Descargar formularios&#8221; style=&#8221;outline&#8221; shape=&#8221;square&#8221; color=&#8221;default&#8221; alinear=&#8221;centro&#8221; enlace=&#8221;url:https%3A%2F%2Fwww.bagsa.com.ar%2Fpublic_html%2Fwp-content%2Fuploads%2F2020%2F09%2Fformularios_para_matriculados.zip||objetivo:%20_blank|&#8221; css=&#8221;.vc_custom_1751659561231{padding-top: 30px !important;}&#8221; link=&#8221;url:http%3A%2F%2Fwww.bagsa.com.ar%2Fpublic_html%2Fwp-content%2Fuploads%2F2025%2F07%2FFormularios.zip|||&#8221;][vc_row_inner][vc_column_inner][vc_single_image image=&#8221;11228&#8243; img_size=&#8221;large&#8221; alignment=&#8221;center&#8221; onclick=&#8221;custom_link&#8221; link=&#8221;https:\/\/oficinamatriculados.bagsa.com.ar\/&#8221;][\/vc_column_inner][\/vc_row_inner][\/vc_column][\/vc_row][vc_row][vc_column][vc_column_text]<\/span><\/span>[\/vc_column_text][\/vc_column][\/vc_row]<\/p>\n","protected":false},"excerpt":{"rendered":"<p>[vc_row full_width=&#8221;stretch_row&#8221; css=&#8221;.vc_custom_1751638313499{padding-top: 40px !important;padding-bottom: 40px !important;background-color: #04649b !important;}&#8221; el_id=&#8221;matriculados&#8221;][vc_column][vc_custom_heading text=&#8221;MATRICULADOS&#8221; font_container=&#8221;tag:h2|text_align:left|color:%23ffffff&#8221; google_fonts=&#8221;font_family:Roboto%20Slab%3A100%2C300%2Cregular%2C700|font_style:700%20bold%20regular%3A700%3Anormal&#8221; link=&#8221;url:http%3A%2F%2Fwww.bagsa.com.ar%2Fpublic_html%2Fwp-content%2Fuploads%2F2025%2F07%2FFormularios.zip|||&#8221;][vc_single_image image=&#8221;8711&#8243; img_size=&#8221;medium&#8221;][vc_column_text] La atenci\u00f3n a los mismos, se realizar\u00e1 los d\u00edas lunes de 09:00 a 14:00 hs en la oficina con sitio en La Plata calle 48 n 536 [\/vc_column_text][vc_single_image image=&#8221;8851&#8243; img_size=&#8221;medium&#8221; alignment=&#8221;center&#8221;][vc_single_image image=&#8221;11224&#8243; img_size=&#8221;full&#8221; alignment=&#8221;right&#8221; onclick=&#8221;custom_link&#8221; link=&#8221;https:\/\/oficinamatriculados.bagsa.com.ar\/&#8221;][\/vc_column][\/vc_row][vc_row full_width=&#8221;stretch_row&#8221; css_animation=&#8221;none&#8221; css=&#8221;.vc_custom_1569511236655{margin-top: [&hellip;]<\/p>\n","protected":false},"author":1,"featured_media":0,"parent":0,"menu_order":0,"comment_status":"closed","ping_status":"closed","template":"","meta":{"footnotes":""},"_links":{"self":[{"href":"http:\/\/www.bagsa.com.ar\/public_html\/wp-json\/wp\/v2\/pages\/8848"}],"collection":[{"href":"http:\/\/www.bagsa.com.ar\/public_html\/wp-json\/wp\/v2\/pages"}],"about":[{"href":"http:\/\/www.bagsa.com.ar\/public_html\/wp-json\/wp\/v2\/types\/page"}],"author":[{"embeddable":true,"href":"http:\/\/www.bagsa.com.ar\/public_html\/wp-json\/wp\/v2\/users\/1"}],"replies":[{"embeddable":true,"href":"http:\/\/www.bagsa.com.ar\/public_html\/wp-json\/wp\/v2\/comments?post=8848"}],"version-history":[{"count":79,"href":"http:\/\/www.bagsa.com.ar\/public_html\/wp-json\/wp\/v2\/pages\/8848\/revisions"}],"predecessor-version":[{"id":11374,"href":"http:\/\/www.bagsa.com.ar\/public_html\/wp-json\/wp\/v2\/pages\/8848\/revisions\/11374"}],"wp:attachment":[{"href":"http:\/\/www.bagsa.com.ar\/public_html\/wp-json\/wp\/v2\/media?parent=8848"}],"curies":[{"name":"wp","href":"https:\/\/api.w.org\/{rel}","templated":true}]}}