{"id":2786,"date":"2017-11-28T11:41:18","date_gmt":"2017-11-28T11:41:18","guid":{"rendered":"https:\/\/themes.radiantthemes.com\/consultix\/demo-one\/?page_id=2786"},"modified":"2024-06-03T10:53:39","modified_gmt":"2024-06-03T13:53:39","slug":"hogar-comercios-industrias","status":"publish","type":"page","link":"http:\/\/www.bagsa.com.ar\/public_html\/hogar-comercios-industrias\/","title":{"rendered":"Hogar\/Comercios\/Industrias"},"content":{"rendered":"<p>[vc_row full_width=&#8221;stretch_row&#8221; css=&#8221;.vc_custom_1569422790735{padding-top: 20px !important;padding-bottom: 20px !important;background-color: #a2c7f4 !important;}&#8221; el_id=&#8221;conoce-tu-factura&#8221;][vc_column width=&#8221;1\/2&#8243;][vc_custom_heading text=&#8221;CONOC\u00c9 TU&#8221; font_container=&#8221;tag:h2|text_align:left|color:%23005d98&#8243; google_fonts=&#8221;font_family:Roboto%20Slab%3A100%2C300%2Cregular%2C700|font_style:400%20regular%3A400%3Anormal&#8221; css=&#8221;.vc_custom_1569422674977{padding-top: 20px !important;}&#8221;][vc_custom_heading text=&#8221;FACTURA&#8221; font_container=&#8221;tag:h2|text_align:left|color:%23005d98&#8243; google_fonts=&#8221;font_family:Roboto%20Slab%3A100%2C300%2Cregular%2C700|font_style:700%20bold%20regular%3A700%3Anormal&#8221; css=&#8221;.vc_custom_1569422706773{padding-top: 10px !important;padding-bottom: 20px !important;}&#8221;][vc_single_image image=&#8221;8714&#8243; img_size=&#8221;medium&#8221;][vc_column_text]<\/p>\n<h4 style=\"color: #005e98; font-weight: 400; font-size: 20px; line-height: 30px;\">Conoc\u00e9 todos los detalles relacionados a tu factura.<\/h4>\n<p>[\/vc_column_text][vc_row_inner][vc_column_inner width=&#8221;1\/2&#8243;][vc_btn title=&#8221;Demo Factura&#8221; style=&#8221;outline&#8221; shape=&#8221;square&#8221; color=&#8221;blue&#8221; size=&#8221;lg&#8221; align=&#8221;center&#8221; button_block=&#8221;true&#8221; custom_onclick=&#8221;true&#8221; link=&#8221;url:http%3A%2F%2Fwww.bagsa.com.ar%2Fpublic_html%2Fwp-content%2Fuploads%2F2019%2F09%2Fbagsa_demo_factura.pdf||target:%20_blank|&#8221;][\/vc_column_inner][vc_column_inner width=&#8221;1\/2&#8243;][\/vc_column_inner][\/vc_row_inner][\/vc_column][vc_column width=&#8221;1\/2&#8243;][vc_single_image image=&#8221;9799&#8243; img_size=&#8221;medium&#8221; alignment=&#8221;center&#8221;][\/vc_column][\/vc_row][vc_row full_width=&#8221;stretch_row&#8221; css=&#8221;.vc_custom_1569508882916{padding-top: 20px !important;padding-bottom: 20px !important;background-color: #cccccc !important;}&#8221; el_id=&#8221;facturas&#8221;][vc_column width=&#8221;1\/2&#8243;][vc_custom_heading text=&#8221;FACTURAS&#8221; font_container=&#8221;tag:h2|text_align:left|color:%233168b0&#8243; google_fonts=&#8221;font_family:Roboto%20Slab%3A100%2C300%2Cregular%2C700|font_style:700%20bold%20regular%3A700%3Anormal&#8221; css=&#8221;.vc_custom_1569426965000{padding-top: 40px !important;padding-bottom: 20px !important;}&#8221;][vc_single_image image=&#8221;8714&#8243; img_size=&#8221;medium&#8221;][vc_column_text]<\/p>\n<h4 style=\"color: #005e98; font-weight: 400; font-size: 20px; line-height: 30px;\">Pod\u00e9s acceder a tu factura ingresando a los siguientes links.<\/h4>\n<p>[\/vc_column_text][vc_row_inner][vc_column_inner width=&#8221;1\/2&#8243;][vc_btn title=&#8221;Cup\u00f3n de pago&#8221; style=&#8221;outline&#8221; shape=&#8221;square&#8221; color=&#8221;blue&#8221; size=&#8221;lg&#8221; align=&#8221;center&#8221; button_block=&#8221;true&#8221; link=&#8221;url:http%3A%2F%2Fwww.bagsa.com.ar%2Fold%2Fcupon%2Findex.php||target:%20_blank|&#8221;][\/vc_column_inner][\/vc_row_inner][\/vc_column][vc_column width=&#8221;1\/2&#8243;][vc_single_image image=&#8221;9806&#8243; img_size=&#8221;medium&#8221; alignment=&#8221;center&#8221;][\/vc_column][\/vc_row][vc_row full_width=&#8221;stretch_row&#8221; css=&#8221;.vc_custom_1569427734720{padding-top: 20px !important;padding-bottom: 20px !important;background-color: #ffffff !important;}&#8221; el_id=&#8221;simulador-consumo&#8221;][vc_column][vc_custom_heading text=&#8221;SIMULADOR&#8221; font_container=&#8221;tag:h2|text_align:center|color:%23005d98&#8243; google_fonts=&#8221;font_family:Roboto%20Slab%3A100%2C300%2Cregular%2C700|font_style:400%20regular%3A400%3Anormal&#8221; css=&#8221;.vc_custom_1569427484133{padding-top: 20px !important;}&#8221;][vc_custom_heading text=&#8221;CONSUMO&#8221; font_container=&#8221;tag:h2|text_align:center|color:%23005d98&#8243; google_fonts=&#8221;font_family:Roboto%20Slab%3A100%2C300%2Cregular%2C700|font_style:700%20bold%20regular%3A700%3Anormal&#8221; css=&#8221;.vc_custom_1569427502021{padding-top: 10px !important;padding-bottom: 20px !important;}&#8221;][vc_row_inner][vc_column_inner width=&#8221;1\/3&#8243;][\/vc_column_inner][vc_column_inner width=&#8221;1\/3&#8243;][vc_single_image image=&#8221;8714&#8243; img_size=&#8221;medium&#8221; alignment=&#8221;center&#8221;][\/vc_column_inner][vc_column_inner width=&#8221;1\/3&#8243;][\/vc_column_inner][\/vc_row_inner][vc_row_inner][vc_column_inner width=&#8221;1\/3&#8243;][vc_single_image image=&#8221;9047&#8243; img_size=&#8221;medium&#8221; alignment=&#8221;center&#8221;][\/vc_column_inner][vc_column_inner width=&#8221;1\/3&#8243;][vc_single_image image=&#8221;8968&#8243; img_size=&#8221;medium&#8221; alignment=&#8221;center&#8221;][\/vc_column_inner][vc_column_inner width=&#8221;1\/3&#8243;][vc_single_image image=&#8221;8723&#8243; img_size=&#8221;medium&#8221; alignment=&#8221;center&#8221;][\/vc_column_inner][\/vc_row_inner][vc_row_inner][vc_column_inner width=&#8221;1\/3&#8243;][\/vc_column_inner][vc_column_inner width=&#8221;1\/3&#8243;][vc_btn title=&#8221;Calcul\u00e1 tu consumo&#8221; style=&#8221;outline&#8221; shape=&#8221;square&#8221; color=&#8221;blue&#8221; size=&#8221;lg&#8221; align=&#8221;center&#8221; button_block=&#8221;true&#8221; link=&#8221;url:https%3A%2F%2Fwww.enargas.gob.ar%2Fsecciones%2Feficiencia-energetica%2Fconsumo-artefactos.php||target:%20_blank|&#8221;][\/vc_column_inner][vc_column_inner width=&#8221;1\/3&#8243;][\/vc_column_inner][\/vc_row_inner][\/vc_column][\/vc_row][vc_row full_width=&#8221;stretch_row&#8221; css=&#8221;.vc_custom_1569430484082{padding-top: 20px !important;padding-bottom: 20px !important;background-color: #e6e6e6 !important;}&#8221; el_id=&#8221;factura-electronica&#8221;][vc_column width=&#8221;2\/3&#8243;][vc_custom_heading text=&#8221;FACTURA ELECTR\u00d3NICA&#8221; font_container=&#8221;tag:h2|text_align:left|color:%233168b0&#8243; google_fonts=&#8221;font_family:Roboto%20Slab%3A100%2C300%2Cregular%2C700|font_style:700%20bold%20regular%3A700%3Anormal&#8221; css=&#8221;.vc_custom_1569430343529{padding-top: 40px !important;padding-bottom: 20px !important;}&#8221;][vc_single_image image=&#8221;8714&#8243; img_size=&#8221;medium&#8221;][vc_column_text]<\/p>\n<h4 style=\"color: #005e98; font-weight: 400; font-size: 20px; line-height: 30px;\">Pod\u00e9s adherirte a la factura electr\u00f3nica para recibirla a tu mail, complet\u00e1 el formulario para comenzar a recibirla.<\/h4>\n<p>[\/vc_column_text][vc_row_inner][vc_column_inner]\r<!-- rt-cf7 -->\r<div class=\"radiant-contact-form rt4f22f8fef81f151 element-one \" id=trabaja ><div role=\"form\" class=\"wpcf7\" id=\"wpcf7-f9823-o1\" lang=\"en-US\" dir=\"ltr\">\n<div class=\"screen-reader-response\"><\/div>\n<form action=\"\/public_html\/wp-json\/wp\/v2\/pages\/2786#wpcf7-f9823-o1\" method=\"post\" class=\"wpcf7-form\" novalidate=\"novalidate\">\n<div style=\"display: none;\">\n<input type=\"hidden\" name=\"_wpcf7\" value=\"9823\" \/>\n<input type=\"hidden\" name=\"_wpcf7_version\" value=\"5.1.4\" \/>\n<input type=\"hidden\" name=\"_wpcf7_locale\" value=\"en_US\" \/>\n<input type=\"hidden\" name=\"_wpcf7_unit_tag\" value=\"wpcf7-f9823-o1\" \/>\n<input type=\"hidden\" name=\"_wpcf7_container_post\" value=\"0\" \/>\n<input type=\"hidden\" name=\"_wpcf7cf_hidden_group_fields\" value=\"[]\" \/>\n<input type=\"hidden\" name=\"_wpcf7cf_hidden_groups\" value=\"[]\" \/>\n<input type=\"hidden\" name=\"_wpcf7cf_visible_groups\" value=\"[]\" \/>\n<input type=\"hidden\" name=\"_wpcf7cf_repeaters\" value=\"[]\" \/>\n<input type=\"hidden\" name=\"_wpcf7cf_steps\" value=\"{}\" \/>\n<input type=\"hidden\" name=\"_wpcf7cf_options\" value=\"{&quot;form_id&quot;:9823,&quot;conditions&quot;:[],&quot;settings&quot;:{&quot;animation&quot;:&quot;yes&quot;,&quot;animation_intime&quot;:200,&quot;animation_outtime&quot;:200,&quot;conditions_ui&quot;:&quot;normal&quot;,&quot;notice_dismissed&quot;:false,&quot;notice_dismissed_update-cf7-6.1.4&quot;:true}}\" \/>\n<\/div>\n<div class=\"row\">\n<div class=\"col-sm-6 col-xs-12\">\n<div class=\"form-row\">\n\t\t\t<span class=\"wpcf7-form-control-wrap your-name\"><input type=\"text\" name=\"your-name\" value=\"\" size=\"40\" class=\"wpcf7-form-control wpcf7-text wpcf7-validates-as-required\" aria-required=\"true\" aria-invalid=\"false\" placeholder=\"Nombre y Apellido (requerido)\" \/><\/span>\n\t\t<\/div><\/div>\n<div class=\"col-sm-6 col-xs-12\">\n<div class=\"form-row\">\n\t\t\t<span class=\"wpcf7-form-control-wrap usuario\"><input type=\"text\" name=\"usuario\" value=\"\" size=\"40\" class=\"wpcf7-form-control wpcf7-text wpcf7-validates-as-required\" aria-required=\"true\" aria-invalid=\"false\" placeholder=\"N\u00ba Usuario (requerido)\" \/><\/span>\n\t\t<\/div><\/div>\n<\/div>\n<div class=\"row\">\n<div class=\"col-sm-6 col-xs-12\">\n<div class=\"form-row\">\n\t\t<span class=\"wpcf7-form-control-wrap localidad\"><input type=\"text\" name=\"localidad\" value=\"\" size=\"40\" class=\"wpcf7-form-control wpcf7-text wpcf7-validates-as-required\" aria-required=\"true\" aria-invalid=\"false\" placeholder=\"Localidad (requerido)\" \/><\/span>\n\t\t<\/div><\/div>\n<div class=\"col-sm-6 col-xs-12\">\n<div class=\"form-row\">\n\t\t\t<span class=\"wpcf7-form-control-wrap dni\"><input type=\"text\" name=\"dni\" value=\"\" size=\"40\" class=\"wpcf7-form-control wpcf7-text wpcf7-validates-as-required\" aria-required=\"true\" aria-invalid=\"false\" placeholder=\"DNI\/CUIT (requerido)\" \/><\/span>\n\t\t<\/div><\/div>\n<\/div>\n<div class=\"row\">\n<div class=\"col-sm-6 col-xs-12\">\n<div class=\"form-row\">\n\t\t\t<span class=\"wpcf7-form-control-wrap direccion\"><input type=\"text\" name=\"direccion\" value=\"\" size=\"40\" class=\"wpcf7-form-control wpcf7-text wpcf7-validates-as-required\" aria-required=\"true\" aria-invalid=\"false\" placeholder=\"Direcci\u00f3n (requerido)\" \/><\/span>\n\t\t<\/div><\/div>\n<div class=\"col-sm-6 col-xs-12\">\n<div class=\"form-row\">\n\t\t\t<span class=\"wpcf7-form-control-wrap your-email\"><input type=\"email\" name=\"your-email\" value=\"\" size=\"40\" class=\"wpcf7-form-control wpcf7-text wpcf7-email wpcf7-validates-as-required wpcf7-validates-as-email\" aria-required=\"true\" aria-invalid=\"false\" placeholder=\"Email (requerido)\" \/><\/span>\n\t\t<\/div><\/div>\n<\/div>\n<div class=\"row\">\n<div class=\"col-sm-6 col-xs-12\">\n<div class=\"form-row\">\n\t\t<span class=\"wpcf7-form-control-wrap telefono\"><input type=\"text\" name=\"telefono\" value=\"\" size=\"40\" class=\"wpcf7-form-control wpcf7-text wpcf7-validates-as-required\" aria-required=\"true\" aria-invalid=\"false\" placeholder=\"Telefono (requerido)\" \/><\/span>\n\t\t<\/div><\/div>\n<\/div>\n<p><input type=\"submit\" value=\"ENVIAR\" class=\"wpcf7-form-control wpcf7-submit custom-btn-sm\" \/><\/p>\n<input type='hidden' class='wpcf7-pum' value='{\"closepopup\":false,\"closedelay\":0,\"openpopup\":false,\"openpopup_id\":0}' \/><div class=\"wpcf7-response-output wpcf7-display-none\"><\/div><\/form><\/div><\/div>\r<!-- rt-cf7 -->\r[\/vc_column_inner][\/vc_row_inner][\/vc_column][vc_column width=&#8221;1\/3&#8243;][\/vc_column][\/vc_row][vc_row full_width=&#8221;stretch_row&#8221; css=&#8221;.vc_custom_1569440710734{padding-top: 0px !important;padding-bottom: 20px !important;background-color: #cccccc !important;}&#8221; el_id=&#8221;debito&#8221;][vc_column width=&#8221;2\/3&#8243;][vc_single_image image=&#8221;9861&#8243; img_size=&#8221;full&#8221;][\/vc_column][vc_column width=&#8221;1\/3&#8243;][vc_single_image image=&#8221;9864&#8243; img_size=&#8221;full&#8221; alignment=&#8221;center&#8221; css=&#8221;.vc_custom_1569441029019{margin-top: 0px !important;margin-bottom: 0px !important;border-top-width: 0px !important;border-bottom-width: 0px !important;padding-top: 0px !important;padding-bottom: 0px !important;}&#8221;][\/vc_column][\/vc_row]<\/p>\n","protected":false},"excerpt":{"rendered":"<p>[vc_row full_width=&#8221;stretch_row&#8221; css=&#8221;.vc_custom_1569422790735{padding-top: 20px !important;padding-bottom: 20px !important;background-color: #a2c7f4 !important;}&#8221; el_id=&#8221;conoce-tu-factura&#8221;][vc_column width=&#8221;1\/2&#8243;][vc_custom_heading text=&#8221;CONOC\u00c9 TU&#8221; font_container=&#8221;tag:h2|text_align:left|color:%23005d98&#8243; google_fonts=&#8221;font_family:Roboto%20Slab%3A100%2C300%2Cregular%2C700|font_style:400%20regular%3A400%3Anormal&#8221; css=&#8221;.vc_custom_1569422674977{padding-top: 20px !important;}&#8221;][vc_custom_heading text=&#8221;FACTURA&#8221; font_container=&#8221;tag:h2|text_align:left|color:%23005d98&#8243; google_fonts=&#8221;font_family:Roboto%20Slab%3A100%2C300%2Cregular%2C700|font_style:700%20bold%20regular%3A700%3Anormal&#8221; css=&#8221;.vc_custom_1569422706773{padding-top: 10px !important;padding-bottom: 20px !important;}&#8221;][vc_single_image image=&#8221;8714&#8243; img_size=&#8221;medium&#8221;][vc_column_text] Conoc\u00e9 todos los detalles relacionados a tu factura. [\/vc_column_text][vc_row_inner][vc_column_inner width=&#8221;1\/2&#8243;][vc_btn title=&#8221;Demo Factura&#8221; style=&#8221;outline&#8221; shape=&#8221;square&#8221; color=&#8221;blue&#8221; size=&#8221;lg&#8221; align=&#8221;center&#8221; button_block=&#8221;true&#8221; custom_onclick=&#8221;true&#8221; link=&#8221;url:http%3A%2F%2Fwww.bagsa.com.ar%2Fpublic_html%2Fwp-content%2Fuploads%2F2019%2F09%2Fbagsa_demo_factura.pdf||target:%20_blank|&#8221;][\/vc_column_inner][vc_column_inner width=&#8221;1\/2&#8243;][\/vc_column_inner][\/vc_row_inner][\/vc_column][vc_column width=&#8221;1\/2&#8243;][vc_single_image image=&#8221;9799&#8243; img_size=&#8221;medium&#8221; alignment=&#8221;center&#8221;][\/vc_column][\/vc_row][vc_row full_width=&#8221;stretch_row&#8221; css=&#8221;.vc_custom_1569508882916{padding-top: [&hellip;]<\/p>\n","protected":false},"author":1,"featured_media":0,"parent":0,"menu_order":0,"comment_status":"closed","ping_status":"closed","template":"","meta":{"footnotes":""},"_links":{"self":[{"href":"http:\/\/www.bagsa.com.ar\/public_html\/wp-json\/wp\/v2\/pages\/2786"}],"collection":[{"href":"http:\/\/www.bagsa.com.ar\/public_html\/wp-json\/wp\/v2\/pages"}],"about":[{"href":"http:\/\/www.bagsa.com.ar\/public_html\/wp-json\/wp\/v2\/types\/page"}],"author":[{"embeddable":true,"href":"http:\/\/www.bagsa.com.ar\/public_html\/wp-json\/wp\/v2\/users\/1"}],"replies":[{"embeddable":true,"href":"http:\/\/www.bagsa.com.ar\/public_html\/wp-json\/wp\/v2\/comments?post=2786"}],"version-history":[{"count":76,"href":"http:\/\/www.bagsa.com.ar\/public_html\/wp-json\/wp\/v2\/pages\/2786\/revisions"}],"predecessor-version":[{"id":10989,"href":"http:\/\/www.bagsa.com.ar\/public_html\/wp-json\/wp\/v2\/pages\/2786\/revisions\/10989"}],"wp:attachment":[{"href":"http:\/\/www.bagsa.com.ar\/public_html\/wp-json\/wp\/v2\/media?parent=2786"}],"curies":[{"name":"wp","href":"https:\/\/api.w.org\/{rel}","templated":true}]}}